{"id":6301,"date":"2017-06-23T09:44:27","date_gmt":"2017-06-23T09:44:27","guid":{"rendered":"https:\/\/clinicadentalpenedes.com\/puentes\/"},"modified":"2017-10-05T13:07:03","modified_gmt":"2017-10-05T13:07:03","slug":"ponts","status":"publish","type":"page","link":"https:\/\/clinicadentalpenedes.com\/ca\/ponts\/","title":{"rendered":"Ponts"},"content":{"rendered":"<div id=\"pl-6301\"  class=\"panel-layout\" ><div id=\"pg-6301-0\"  class=\"panel-grid panel-has-style\" ><div class=\"siteorigin-panels-stretch divider-no-animation tablet-default mobile-1-in-row desktop-default panel-row-style panel-row-style-for-6301-0\" data-stretch-type=\"full\" ><div id=\"pgc-6301-0-0\"  class=\"panel-grid-cell\" ><div id=\"panel-6301-0-0-0\" class=\"so-panel widget widget_orion_empty_space_w panel-first-child\" data-index=\"0\" ><div class=\"orion default panel-widget-style panel-widget-style-for-6301-0-0-0\" ><div\n\t\t\t\n\t\t\tclass=\"so-widget-orion_empty_space_w so-widget-orion_empty_space_w-base\"\n\t\t\t\n\t\t>\t<div class=\"row empty-space visible-lg visible-md visible-sm visible-xs\" style=\"height:142px;\">\r\n\t<\/div><\/div><\/div><\/div><div id=\"panel-6301-0-0-1\" class=\"so-panel widget widget_orion_heading_w\" data-index=\"1\" ><div class=\"orion default panel-widget-style panel-widget-style-for-6301-0-0-1\" ><div\n\t\t\t\n\t\t\tclass=\"so-widget-orion_heading_w so-widget-orion_heading_w-base\"\n\t\t\t\n\t\t> \r\n\t\t\t<div class=\"row orion-heading\" style=\"margin-bottom:0px;\">\r\n\t\t<div class=\"col-md-12  separator-style-1 text-left style-h3 style-primary-color\">\r\n\t\t\t<h3 class=\"primary-color\">\r\n\t\t\t\tPONTS\t\t\t<\/h3>\r\n\t\t<\/div>\r\n\t<\/div>\r\n\r\n\t<\/div><\/div><\/div><div id=\"panel-6301-0-0-2\" class=\"so-panel widget widget_sow-editor panel-last-child\" data-index=\"2\" ><div class=\"orion default panel-widget-style panel-widget-style-for-6301-0-0-2\" ><div\n\t\t\t\n\t\t\tclass=\"so-widget-sow-editor so-widget-sow-editor-base\"\n\t\t\t\n\t\t>\n<div class=\"siteorigin-widget-tinymce textwidget\">\n\t<p>Els ponts serveixen per substituir peces absents quan disposem de peces a cada costat de l'espai ed\u00e8ntul. Aquestes peces seran els pilars sobre els quals es recolzaran les peces p\u00f3nticas que substituiran les absents.<\/p>\n<p>Els ponts de cer\u00e0mica d'alta resist\u00e8ncia milloren l'est\u00e8tica en evitar l'opacitat del metall sota la porcellana i evitar que es pugui veure una vora met\u00e0l\u00b7lic al costat de la geniva.<\/p>\n<\/div>\n<\/div><\/div><\/div><\/div><div id=\"pgc-6301-0-1\"  class=\"panel-grid-cell\" ><div id=\"panel-6301-0-1-0\" class=\"so-panel widget widget_orion_empty_space_w panel-first-child\" data-index=\"3\" ><div class=\"orion default panel-widget-style panel-widget-style-for-6301-0-1-0\" ><div\n\t\t\t\n\t\t\tclass=\"so-widget-orion_empty_space_w so-widget-orion_empty_space_w-base\"\n\t\t\t\n\t\t>\t<div class=\"row empty-space visible-lg visible-md visible-sm visible-xs\" style=\"height:94px;\">\r\n\t<\/div><\/div><\/div><\/div><div id=\"panel-6301-0-1-1\" class=\"so-panel widget widget_orion_image_w\" data-index=\"4\" ><div class=\"orion default panel-widget-style panel-widget-style-for-6301-0-1-1\" ><div\n\t\t\t\n\t\t\tclass=\"so-widget-orion_image_w so-widget-orion_image_w-base\"\n\t\t\t\n\t\t>\r\n<div class=\"image-w relative\">\r\n\r\n\t\t\t\t\t\t\t<div class=\" overlay-none overlay-hover-none\">\r\n\t\t\r\n\t\t\t\t\t<img loading=\"lazy\" decoding=\"async\" width=\"1939\" height=\"922\" src=\"https:\/\/clinicadentalpenedes.com\/wp-content\/uploads\/2017\/06\/AdobeStock_106966426.jpg\" class=\"attachment- size-\" alt=\"\" \/>\t\t\t<div class=\"overlay\"><\/div>\r\n\t\t\r\n\t\t\t\t\t<\/div>\r\n\t\t\t\r\n\t\r\n\t<div class=\"absolute\">\r\n\t\t<div class=\"hover-desc table-wrap\">\r\n\t\t\t<div class=\"cell-wrap\">\r\n\t\t\t\t<h4 class=\"text-light\"><\/h4>\r\n\t\t\t<\/div>\r\n\t\t<\/div>\r\n\t<\/div>\t\t\t\t\t\r\n<\/div>\r\n\r\n<\/div><\/div><\/div><div id=\"panel-6301-0-1-2\" class=\"so-panel widget widget_orion_empty_space_w\" data-index=\"5\" ><div class=\"orion default panel-widget-style panel-widget-style-for-6301-0-1-2\" ><div\n\t\t\t\n\t\t\tclass=\"so-widget-orion_empty_space_w so-widget-orion_empty_space_w-base\"\n\t\t\t\n\t\t>\t<div class=\"row empty-space visible-lg visible-md visible-sm visible-xs\" style=\"height:28px;\">\r\n\t<\/div><\/div><\/div><\/div><div id=\"panel-6301-0-1-3\" class=\"so-panel widget widget_orion_button_w panel-last-child\" data-index=\"6\" ><div class=\"orion default panel-widget-style panel-widget-style-for-6301-0-1-3\" ><div\n\t\t\t\n\t\t\tclass=\"so-widget-orion_button_w so-widget-orion_button_w-base\"\n\t\t\t\n\t\t>\t<div class=\"wrapper block\" style=\"text-align:center\">\r\n\r\n\t\t\t<a class=\"btn btn-c1 btn-round btn-wire btn-xs\"  href=\"https:\/\/clinicadentalpenedes.com\/ca\/cas-real-pont-de-zirconi\/\"\r\n\t\t\t   \t\t>\r\n\t\t\tVeure cas real\t\t\r\n\t\t<\/a>\r\n\t\r\n<\/div>\r\n<\/div><\/div><\/div><\/div><\/div><\/div><div id=\"pg-6301-1\"  class=\"panel-grid panel-has-style\" ><div class=\"divider-no-animation tablet-default mobile-1-in-row desktop-default panel-row-style panel-row-style-for-6301-1\" ><div id=\"pgc-6301-1-0\"  class=\"panel-grid-cell\" ><div id=\"panel-6301-1-0-0\" class=\"so-panel widget widget_orion_empty_space_w panel-first-child\" data-index=\"7\" ><div class=\"orion default panel-widget-style panel-widget-style-for-6301-1-0-0\" ><div\n\t\t\t\n\t\t\tclass=\"so-widget-orion_empty_space_w so-widget-orion_empty_space_w-base\"\n\t\t\t\n\t\t>\t<div class=\"row empty-space visible-lg visible-md visible-sm visible-xs\" style=\"height:24px;\">\r\n\t<\/div><\/div><\/div><\/div><div id=\"panel-6301-1-0-1\" class=\"so-panel widget widget_orion_button_w panel-last-child\" data-index=\"8\" ><div class=\"orion default panel-widget-style panel-widget-style-for-6301-1-0-1\" ><div\n\t\t\t\n\t\t\tclass=\"so-widget-orion_button_w so-widget-orion_button_w-base\"\n\t\t\t\n\t\t>\t<div class=\"wrapper block\" style=\"text-align:center\">\r\n\r\n\t\t\t<a class=\"btn btn-c1 btn-round icon-right btn-flat btn-md\"  href=\"https:\/\/clinicadentalpenedes.com\/ca\/contacte\/\"\r\n\t\t\t   \t\t>\r\n\t\t\tDemana la teva cita<span class=\"sow-icon-fontawesome sow-far\" data-sow-icon=\"&#xf133;\"\n\t\tstyle=\"\" \n\t\taria-hidden=\"true\"><\/span>\t\t\r\n\t\t<\/a>\r\n\t\r\n<\/div>\r\n<\/div><\/div><\/div><\/div><\/div><\/div><\/div>","protected":false},"excerpt":{"rendered":"<p>Posem un pont quan falten un o diverses dents. Els ponts reemplacen les dents absents i ocupen el seu lloc.<\/p>\n","protected":false},"author":2,"featured_media":0,"parent":0,"menu_order":0,"comment_status":"closed","ping_status":"closed","template":"","meta":{"_monsterinsights_skip_tracking":false,"_monsterinsights_sitenote_active":false,"_monsterinsights_sitenote_note":"","_monsterinsights_sitenote_category":0,"footnotes":""},"yoast_head":"<!-- This site is optimized with the Yoast SEO plugin v24.2 - https:\/\/yoast.com\/wordpress\/plugins\/seo\/ -->\n<title>Ponts - Dentista a Terrassa i Vilafranca - Dr. J. Ferre Jorge<\/title>\n<meta name=\"description\" content=\"Implementaci\u00f3 de pr\u00f2tesis dentals sense metall. Inserci\u00f3 de ponts a les cl\u00edniques del Dr. J. Ferre Jorge. Substituci\u00f3 de peces dentals ausents.\" \/>\n<meta name=\"robots\" content=\"index, follow, max-snippet:-1, max-image-preview:large, max-video-preview:-1\" \/>\n<link rel=\"canonical\" href=\"https:\/\/clinicadentalpenedes.com\/ca\/ponts\/\" \/>\n<meta property=\"og:locale\" content=\"ca_ES\" \/>\n<meta property=\"og:type\" content=\"article\" \/>\n<meta property=\"og:title\" content=\"Ponts - Dentista a Terrassa i Vilafranca - Dr. J. Ferre Jorge\" \/>\n<meta property=\"og:description\" content=\"Implementaci\u00f3 de pr\u00f2tesis dentals sense metall. Inserci\u00f3 de ponts a les cl\u00edniques del Dr. J. Ferre Jorge. Substituci\u00f3 de peces dentals ausents.\" \/>\n<meta property=\"og:url\" content=\"https:\/\/clinicadentalpenedes.com\/ca\/ponts\/\" \/>\n<meta property=\"og:site_name\" content=\"Cl\u00ednica Dental Pened\u00e8s\" \/>\n<meta property=\"article:modified_time\" content=\"2017-10-05T13:07:03+00:00\" \/>\n<meta property=\"og:image\" content=\"https:\/\/clinicadentalpenedes.com\/wp-content\/uploads\/2017\/06\/AdobeStock_106966426.jpg\" \/>\n<meta name=\"twitter:card\" content=\"summary_large_image\" \/>\n<script type=\"application\/ld+json\" class=\"yoast-schema-graph\">{\"@context\":\"https:\/\/schema.org\",\"@graph\":[{\"@type\":\"WebPage\",\"@id\":\"https:\/\/clinicadentalpenedes.com\/ca\/ponts\/\",\"url\":\"https:\/\/clinicadentalpenedes.com\/ca\/ponts\/\",\"name\":\"Ponts - Dentista a Terrassa i Vilafranca - Dr. J. Ferre Jorge\",\"isPartOf\":{\"@id\":\"https:\/\/clinicadentalpenedes.com\/#website\"},\"primaryImageOfPage\":{\"@id\":\"https:\/\/clinicadentalpenedes.com\/ca\/ponts\/#primaryimage\"},\"image\":{\"@id\":\"https:\/\/clinicadentalpenedes.com\/ca\/ponts\/#primaryimage\"},\"thumbnailUrl\":\"https:\/\/clinicadentalpenedes.com\/wp-content\/uploads\/2017\/06\/AdobeStock_106966426.jpg\",\"datePublished\":\"2017-06-23T09:44:27+00:00\",\"dateModified\":\"2017-10-05T13:07:03+00:00\",\"description\":\"Implementaci\u00f3 de pr\u00f2tesis dentals sense metall. Inserci\u00f3 de ponts a les cl\u00edniques del Dr. J. Ferre Jorge. Substituci\u00f3 de peces dentals ausents.\",\"breadcrumb\":{\"@id\":\"https:\/\/clinicadentalpenedes.com\/ca\/ponts\/#breadcrumb\"},\"inLanguage\":\"ca\",\"potentialAction\":[{\"@type\":\"ReadAction\",\"target\":[\"https:\/\/clinicadentalpenedes.com\/ca\/ponts\/\"]}]},{\"@type\":\"ImageObject\",\"inLanguage\":\"ca\",\"@id\":\"https:\/\/clinicadentalpenedes.com\/ca\/ponts\/#primaryimage\",\"url\":\"https:\/\/clinicadentalpenedes.com\/wp-content\/uploads\/2017\/06\/AdobeStock_106966426.jpg\",\"contentUrl\":\"https:\/\/clinicadentalpenedes.com\/wp-content\/uploads\/2017\/06\/AdobeStock_106966426.jpg\"},{\"@type\":\"BreadcrumbList\",\"@id\":\"https:\/\/clinicadentalpenedes.com\/ca\/ponts\/#breadcrumb\",\"itemListElement\":[{\"@type\":\"ListItem\",\"position\":1,\"name\":\"Portada\",\"item\":\"https:\/\/clinicadentalpenedes.com\/ca\/\"},{\"@type\":\"ListItem\",\"position\":2,\"name\":\"Ponts\"}]},{\"@type\":\"WebSite\",\"@id\":\"https:\/\/clinicadentalpenedes.com\/#website\",\"url\":\"https:\/\/clinicadentalpenedes.com\/\",\"name\":\"Cl\u00ednica Dental Pened\u00e8s\",\"description\":\"Cl\u00ednica Dental en Vilafranca del Pened\u00e8s\",\"potentialAction\":[{\"@type\":\"SearchAction\",\"target\":{\"@type\":\"EntryPoint\",\"urlTemplate\":\"https:\/\/clinicadentalpenedes.com\/?s={search_term_string}\"},\"query-input\":{\"@type\":\"PropertyValueSpecification\",\"valueRequired\":true,\"valueName\":\"search_term_string\"}}],\"inLanguage\":\"ca\"}]}<\/script>\n<!-- \/ Yoast SEO plugin. -->","yoast_head_json":{"title":"Ponts - Dentista a Terrassa i Vilafranca - Dr. J. Ferre Jorge","description":"Implementaci\u00f3 de pr\u00f2tesis dentals sense metall. Inserci\u00f3 de ponts a les cl\u00edniques del Dr. J. Ferre Jorge. Substituci\u00f3 de peces dentals ausents.","robots":{"index":"index","follow":"follow","max-snippet":"max-snippet:-1","max-image-preview":"max-image-preview:large","max-video-preview":"max-video-preview:-1"},"canonical":"https:\/\/clinicadentalpenedes.com\/ca\/ponts\/","og_locale":"ca_ES","og_type":"article","og_title":"Ponts - Dentista a Terrassa i Vilafranca - Dr. J. Ferre Jorge","og_description":"Implementaci\u00f3 de pr\u00f2tesis dentals sense metall. Inserci\u00f3 de ponts a les cl\u00edniques del Dr. J. Ferre Jorge. Substituci\u00f3 de peces dentals ausents.","og_url":"https:\/\/clinicadentalpenedes.com\/ca\/ponts\/","og_site_name":"Cl\u00ednica Dental Pened\u00e8s","article_modified_time":"2017-10-05T13:07:03+00:00","og_image":[{"url":"https:\/\/clinicadentalpenedes.com\/wp-content\/uploads\/2017\/06\/AdobeStock_106966426.jpg","type":"","width":"","height":""}],"twitter_card":"summary_large_image","schema":{"@context":"https:\/\/schema.org","@graph":[{"@type":"WebPage","@id":"https:\/\/clinicadentalpenedes.com\/ca\/ponts\/","url":"https:\/\/clinicadentalpenedes.com\/ca\/ponts\/","name":"Ponts - Dentista a Terrassa i Vilafranca - Dr. J. Ferre Jorge","isPartOf":{"@id":"https:\/\/clinicadentalpenedes.com\/#website"},"primaryImageOfPage":{"@id":"https:\/\/clinicadentalpenedes.com\/ca\/ponts\/#primaryimage"},"image":{"@id":"https:\/\/clinicadentalpenedes.com\/ca\/ponts\/#primaryimage"},"thumbnailUrl":"https:\/\/clinicadentalpenedes.com\/wp-content\/uploads\/2017\/06\/AdobeStock_106966426.jpg","datePublished":"2017-06-23T09:44:27+00:00","dateModified":"2017-10-05T13:07:03+00:00","description":"Implementaci\u00f3 de pr\u00f2tesis dentals sense metall. Inserci\u00f3 de ponts a les cl\u00edniques del Dr. J. Ferre Jorge. Substituci\u00f3 de peces dentals ausents.","breadcrumb":{"@id":"https:\/\/clinicadentalpenedes.com\/ca\/ponts\/#breadcrumb"},"inLanguage":"ca","potentialAction":[{"@type":"ReadAction","target":["https:\/\/clinicadentalpenedes.com\/ca\/ponts\/"]}]},{"@type":"ImageObject","inLanguage":"ca","@id":"https:\/\/clinicadentalpenedes.com\/ca\/ponts\/#primaryimage","url":"https:\/\/clinicadentalpenedes.com\/wp-content\/uploads\/2017\/06\/AdobeStock_106966426.jpg","contentUrl":"https:\/\/clinicadentalpenedes.com\/wp-content\/uploads\/2017\/06\/AdobeStock_106966426.jpg"},{"@type":"BreadcrumbList","@id":"https:\/\/clinicadentalpenedes.com\/ca\/ponts\/#breadcrumb","itemListElement":[{"@type":"ListItem","position":1,"name":"Portada","item":"https:\/\/clinicadentalpenedes.com\/ca\/"},{"@type":"ListItem","position":2,"name":"Ponts"}]},{"@type":"WebSite","@id":"https:\/\/clinicadentalpenedes.com\/#website","url":"https:\/\/clinicadentalpenedes.com\/","name":"Cl\u00ednica Dental Pened\u00e8s","description":"Cl\u00ednica Dental en Vilafranca del Pened\u00e8s","potentialAction":[{"@type":"SearchAction","target":{"@type":"EntryPoint","urlTemplate":"https:\/\/clinicadentalpenedes.com\/?s={search_term_string}"},"query-input":{"@type":"PropertyValueSpecification","valueRequired":true,"valueName":"search_term_string"}}],"inLanguage":"ca"}]}},"_links":{"self":[{"href":"https:\/\/clinicadentalpenedes.com\/ca\/wp-json\/wp\/v2\/pages\/6301"}],"collection":[{"href":"https:\/\/clinicadentalpenedes.com\/ca\/wp-json\/wp\/v2\/pages"}],"about":[{"href":"https:\/\/clinicadentalpenedes.com\/ca\/wp-json\/wp\/v2\/types\/page"}],"author":[{"embeddable":true,"href":"https:\/\/clinicadentalpenedes.com\/ca\/wp-json\/wp\/v2\/users\/2"}],"replies":[{"embeddable":true,"href":"https:\/\/clinicadentalpenedes.com\/ca\/wp-json\/wp\/v2\/comments?post=6301"}],"version-history":[{"count":0,"href":"https:\/\/clinicadentalpenedes.com\/ca\/wp-json\/wp\/v2\/pages\/6301\/revisions"}],"wp:attachment":[{"href":"https:\/\/clinicadentalpenedes.com\/ca\/wp-json\/wp\/v2\/media?parent=6301"}],"curies":[{"name":"wp","href":"https:\/\/api.w.org\/{rel}","templated":true}]}}