{"id":6295,"date":"2017-06-23T09:43:23","date_gmt":"2017-06-23T09:43:23","guid":{"rendered":"https:\/\/clinicadentalpenedes.com\/coronas\/"},"modified":"2017-10-05T12:59:11","modified_gmt":"2017-10-05T12:59:11","slug":"corones","status":"publish","type":"page","link":"https:\/\/clinicadentalpenedes.com\/ca\/corones\/","title":{"rendered":"Corones"},"content":{"rendered":"<div id=\"pl-6295\"  class=\"panel-layout\" ><div id=\"pg-6295-0\"  class=\"panel-grid panel-has-style\" ><div class=\"divider-no-animation tablet-1-in-row mobile-1-in-row desktop-default panel-row-style panel-row-style-for-6295-0\" ><div id=\"pgc-6295-0-0\"  class=\"panel-grid-cell\" ><div id=\"panel-6295-0-0-0\" class=\"so-panel widget widget_orion_heading_w panel-first-child\" data-index=\"0\" ><div class=\"orion default panel-widget-style panel-widget-style-for-6295-0-0-0\" ><div\n\t\t\t\n\t\t\tclass=\"so-widget-orion_heading_w so-widget-orion_heading_w-base\"\n\t\t\t\n\t\t> \r\n\t\t\t<div class=\"row orion-heading\" style=\"margin-bottom:0px;\">\r\n\t\t<div class=\"col-md-12  separator-style-1 text-left style-h3 style-primary-color\">\r\n\t\t\t<h3 class=\"primary-color\">\r\n\t\t\t\tCORONES\t\t\t<\/h3>\r\n\t\t<\/div>\r\n\t<\/div>\r\n\r\n\t<\/div><\/div><\/div><div id=\"panel-6295-0-0-1\" class=\"so-panel widget widget_orion_heading_w\" data-index=\"1\" ><div class=\"orion mobile-text-center tablets-text-center default panel-widget-style panel-widget-style-for-6295-0-0-1\" ><div\n\t\t\t\n\t\t\tclass=\"so-widget-orion_heading_w so-widget-orion_heading_w-base\"\n\t\t\t\n\t\t> \r\n\t\t\t<div class=\"row orion-heading\" style=\"margin-bottom:0px;\">\r\n\t\t<div class=\"col-md-12   text-left style-h2 style-text-dark\">\r\n\t\t\t<h2 class=\"text-dark\">\r\n\t\t\t\tCorones de cer\u00e0mica\t\t\t<\/h2>\r\n\t\t<\/div>\r\n\t<\/div>\r\n\r\n\t<\/div><\/div><\/div><div id=\"panel-6295-0-0-2\" class=\"so-panel widget widget_orion_empty_space_w\" data-index=\"2\" ><div class=\"orion default panel-widget-style panel-widget-style-for-6295-0-0-2\" ><div\n\t\t\t\n\t\t\tclass=\"so-widget-orion_empty_space_w so-widget-orion_empty_space_w-base\"\n\t\t\t\n\t\t>\t<div class=\"row empty-space visible-lg visible-md visible-sm visible-xs\" style=\"height:24px;\">\r\n\t<\/div><\/div><\/div><\/div><div id=\"panel-6295-0-0-3\" class=\"so-panel widget widget_sow-editor\" data-index=\"3\" ><div class=\"orion mobile-text-center tablets-text-center default panel-widget-style panel-widget-style-for-6295-0-0-3\" ><div\n\t\t\t\n\t\t\tclass=\"so-widget-sow-editor so-widget-sow-editor-base\"\n\t\t\t\n\t\t>\n<div class=\"siteorigin-widget-tinymce textwidget\">\n\t<p>Les corones de cer\u00e0mica d'alta resist\u00e8ncia s\u00f3n m\u00e9s est\u00e8tiques que les tradicionals de metalporcelana, en ser transl\u00facides com la dent natural.<\/p>\n<\/div>\n<\/div><\/div><\/div><div id=\"panel-6295-0-0-4\" class=\"so-panel widget widget_orion_empty_space_w\" data-index=\"4\" ><div class=\"orion default panel-widget-style panel-widget-style-for-6295-0-0-4\" ><div\n\t\t\t\n\t\t\tclass=\"so-widget-orion_empty_space_w so-widget-orion_empty_space_w-base\"\n\t\t\t\n\t\t>\t<div class=\"row empty-space visible-lg visible-md visible-sm visible-xs\" style=\"height:17px;\">\r\n\t<\/div><\/div><\/div><\/div><div id=\"panel-6295-0-0-5\" class=\"so-panel widget widget_orion_heading_w\" data-index=\"5\" ><div class=\"orion mobile-text-center tablets-text-center default panel-widget-style panel-widget-style-for-6295-0-0-5\" ><div\n\t\t\t\n\t\t\tclass=\"so-widget-orion_heading_w so-widget-orion_heading_w-base\"\n\t\t\t\n\t\t> \r\n\t\t\t<div class=\"row orion-heading\" style=\"margin-bottom:0px;\">\r\n\t\t<div class=\"col-md-12   text-left style-h2 style-text-dark\">\r\n\t\t\t<h2 class=\"text-dark\">\r\n\t\t\t\tCorona de zirconi\t\t\t<\/h2>\r\n\t\t<\/div>\r\n\t<\/div>\r\n\r\n\t<\/div><\/div><\/div><div id=\"panel-6295-0-0-6\" class=\"so-panel widget widget_orion_empty_space_w\" data-index=\"6\" ><div class=\"orion default panel-widget-style panel-widget-style-for-6295-0-0-6\" ><div\n\t\t\t\n\t\t\tclass=\"so-widget-orion_empty_space_w so-widget-orion_empty_space_w-base\"\n\t\t\t\n\t\t>\t<div class=\"row empty-space visible-lg visible-md visible-sm visible-xs\" style=\"height:24px;\">\r\n\t<\/div><\/div><\/div><\/div><div id=\"panel-6295-0-0-7\" class=\"so-panel widget widget_sow-editor\" data-index=\"7\" ><div class=\"orion mobile-text-center tablets-text-center default panel-widget-style panel-widget-style-for-6295-0-0-7\" ><div\n\t\t\t\n\t\t\tclass=\"so-widget-sow-editor so-widget-sow-editor-base\"\n\t\t\t\n\t\t>\n<div class=\"siteorigin-widget-tinymce textwidget\">\n\t<p>Les corones de zirconi estan especialment indicades quan la dent \u00e9s molt fosc per haver pres tetraciclines o en pacients que desgasten molt les dents per bruxisme.<\/p>\n<\/div>\n<\/div><\/div><\/div><div id=\"panel-6295-0-0-8\" class=\"so-panel widget widget_orion_button_w panel-last-child\" data-index=\"8\" ><div class=\"orion default panel-widget-style panel-widget-style-for-6295-0-0-8\" ><div\n\t\t\t\n\t\t\tclass=\"so-widget-orion_button_w so-widget-orion_button_w-base\"\n\t\t\t\n\t\t>\t<div class=\"wrapper block\" style=\"text-align:center\">\r\n\r\n\t\t\t<a class=\"btn btn-c1 btn-round btn-wire btn-xs\"  href=\"https:\/\/clinicadentalpenedes.com\/ca\/cas-real-corones-de-zirconi\/\"\r\n\t\t\t   \t\t>\r\n\t\t\tVeure cas real\t\t\r\n\t\t<\/a>\r\n\t\r\n<\/div>\r\n<\/div><\/div><\/div><\/div><div id=\"pgc-6295-0-1\"  class=\"panel-grid-cell\" ><div id=\"panel-6295-0-1-0\" class=\"so-panel widget widget_orion_image_w panel-first-child panel-last-child\" data-index=\"9\" ><div class=\"orion mobile-text-center default panel-widget-style panel-widget-style-for-6295-0-1-0\" ><div\n\t\t\t\n\t\t\tclass=\"so-widget-orion_image_w so-widget-orion_image_w-base\"\n\t\t\t\n\t\t>\r\n<div class=\"image-w relative\">\r\n\r\n\t\t\t\t\t\t\t<div class=\"orion_portrait overlay-none overlay-hover-none\">\r\n\t\t\r\n\t\t\t\t\t<img loading=\"lazy\" decoding=\"async\" width=\"555\" height=\"640\" src=\"https:\/\/clinicadentalpenedes.com\/wp-content\/uploads\/2016\/10\/AdobeStock_50783460-555x640.jpg\" class=\"attachment-orion_portrait size-orion_portrait\" alt=\"\" \/>\t\t\t<div class=\"overlay\"><\/div>\r\n\t\t\r\n\t\t\t\t\t<\/div>\r\n\t\t\t\r\n\t\r\n\t<div class=\"absolute\">\r\n\t\t<div class=\"hover-desc table-wrap\">\r\n\t\t\t<div class=\"cell-wrap\">\r\n\t\t\t\t<h4 class=\"text-light\"><\/h4>\r\n\t\t\t<\/div>\r\n\t\t<\/div>\r\n\t<\/div>\t\t\t\t\t\r\n<\/div>\r\n\r\n<\/div><\/div><\/div><\/div><\/div><\/div><div id=\"pg-6295-1\"  class=\"panel-grid panel-has-style\" ><div class=\"divider-no-animation tablet-default mobile-1-in-row desktop-default panel-row-style panel-row-style-for-6295-1\" ><div id=\"pgc-6295-1-0\"  class=\"panel-grid-cell\" ><div id=\"panel-6295-1-0-0\" class=\"so-panel widget widget_orion_empty_space_w panel-first-child\" data-index=\"10\" ><div class=\"orion default panel-widget-style panel-widget-style-for-6295-1-0-0\" ><div\n\t\t\t\n\t\t\tclass=\"so-widget-orion_empty_space_w so-widget-orion_empty_space_w-base\"\n\t\t\t\n\t\t>\t<div class=\"row empty-space visible-lg visible-md visible-sm visible-xs\" style=\"height:17px;\">\r\n\t<\/div><\/div><\/div><\/div><div id=\"panel-6295-1-0-1\" class=\"so-panel widget widget_orion_button_w panel-last-child\" data-index=\"11\" ><div class=\"orion default panel-widget-style panel-widget-style-for-6295-1-0-1\" ><div\n\t\t\t\n\t\t\tclass=\"so-widget-orion_button_w so-widget-orion_button_w-base\"\n\t\t\t\n\t\t>\t<div class=\"wrapper block\" style=\"text-align:center\">\r\n\r\n\t\t\t<a class=\"btn btn-c1 btn-round icon-left btn-flat btn-md\"  href=\"https:\/\/clinicadentalpenedes.com\/ca\/contacte\/\"\r\n\t\t\t   \t\t>\r\n\t\t\t<span class=\"sow-icon-fontawesome sow-far\" data-sow-icon=\"&#xf133;\"\n\t\tstyle=\"\" \n\t\taria-hidden=\"true\"><\/span> Demana la teva cita\t\t\r\n\t\t<\/a>\r\n\t\r\n<\/div>\r\n<\/div><\/div><\/div><\/div><\/div><\/div><\/div>","protected":false},"excerpt":{"rendered":"<p>Una corona cobreix la dent per millorar el seu aspecte, forma o alineaci\u00f3. Les corones de cer\u00e0mica s\u00f3n m\u00e9s est\u00e8tiques i de zirconi s&#8217;utilitzen quan la dent \u00e9s molt fosc.<\/p>\n","protected":false},"author":2,"featured_media":0,"parent":0,"menu_order":0,"comment_status":"closed","ping_status":"closed","template":"","meta":{"_monsterinsights_skip_tracking":false,"_monsterinsights_sitenote_active":false,"_monsterinsights_sitenote_note":"","_monsterinsights_sitenote_category":0,"footnotes":""},"yoast_head":"<!-- This site is optimized with the Yoast SEO plugin v24.2 - https:\/\/yoast.com\/wordpress\/plugins\/seo\/ -->\n<title>Corones - Dentista a Terrassa i Vilafranca - Dr. J. Ferre<\/title>\n<meta name=\"description\" content=\"Implementaci\u00f3 de pr\u00f2tesis dentals sense metall. Inserci\u00f3 de corones a la cl\u00ednica del Dr. J. Ferre Jorge. Disponibilitat de corones de cer\u00e0mica o zirconi.\" \/>\n<meta name=\"robots\" content=\"index, follow, max-snippet:-1, max-image-preview:large, max-video-preview:-1\" \/>\n<link rel=\"canonical\" href=\"https:\/\/clinicadentalpenedes.com\/ca\/corones\/\" \/>\n<meta property=\"og:locale\" content=\"ca_ES\" \/>\n<meta property=\"og:type\" content=\"article\" \/>\n<meta property=\"og:title\" content=\"Corones - Dentista a Terrassa i Vilafranca - Dr. J. Ferre\" \/>\n<meta property=\"og:description\" content=\"Implementaci\u00f3 de pr\u00f2tesis dentals sense metall. Inserci\u00f3 de corones a la cl\u00ednica del Dr. J. Ferre Jorge. Disponibilitat de corones de cer\u00e0mica o zirconi.\" \/>\n<meta property=\"og:url\" content=\"https:\/\/clinicadentalpenedes.com\/ca\/corones\/\" \/>\n<meta property=\"og:site_name\" content=\"Cl\u00ednica Dental Pened\u00e8s\" \/>\n<meta property=\"article:modified_time\" content=\"2017-10-05T12:59:11+00:00\" \/>\n<meta property=\"og:image\" content=\"https:\/\/clinicadentalpenedes.com\/wp-content\/uploads\/2016\/10\/AdobeStock_50783460-555x640.jpg\" \/>\n<meta name=\"twitter:card\" content=\"summary_large_image\" \/>\n<script type=\"application\/ld+json\" class=\"yoast-schema-graph\">{\"@context\":\"https:\/\/schema.org\",\"@graph\":[{\"@type\":\"WebPage\",\"@id\":\"https:\/\/clinicadentalpenedes.com\/ca\/corones\/\",\"url\":\"https:\/\/clinicadentalpenedes.com\/ca\/corones\/\",\"name\":\"Corones - Dentista a Terrassa i Vilafranca - Dr. J. Ferre\",\"isPartOf\":{\"@id\":\"https:\/\/clinicadentalpenedes.com\/#website\"},\"primaryImageOfPage\":{\"@id\":\"https:\/\/clinicadentalpenedes.com\/ca\/corones\/#primaryimage\"},\"image\":{\"@id\":\"https:\/\/clinicadentalpenedes.com\/ca\/corones\/#primaryimage\"},\"thumbnailUrl\":\"https:\/\/clinicadentalpenedes.com\/wp-content\/uploads\/2016\/10\/AdobeStock_50783460-555x640.jpg\",\"datePublished\":\"2017-06-23T09:43:23+00:00\",\"dateModified\":\"2017-10-05T12:59:11+00:00\",\"description\":\"Implementaci\u00f3 de pr\u00f2tesis dentals sense metall. Inserci\u00f3 de corones a la cl\u00ednica del Dr. J. Ferre Jorge. Disponibilitat de corones de cer\u00e0mica o zirconi.\",\"breadcrumb\":{\"@id\":\"https:\/\/clinicadentalpenedes.com\/ca\/corones\/#breadcrumb\"},\"inLanguage\":\"ca\",\"potentialAction\":[{\"@type\":\"ReadAction\",\"target\":[\"https:\/\/clinicadentalpenedes.com\/ca\/corones\/\"]}]},{\"@type\":\"ImageObject\",\"inLanguage\":\"ca\",\"@id\":\"https:\/\/clinicadentalpenedes.com\/ca\/corones\/#primaryimage\",\"url\":\"https:\/\/clinicadentalpenedes.com\/wp-content\/uploads\/2016\/10\/AdobeStock_50783460-555x640.jpg\",\"contentUrl\":\"https:\/\/clinicadentalpenedes.com\/wp-content\/uploads\/2016\/10\/AdobeStock_50783460-555x640.jpg\"},{\"@type\":\"BreadcrumbList\",\"@id\":\"https:\/\/clinicadentalpenedes.com\/ca\/corones\/#breadcrumb\",\"itemListElement\":[{\"@type\":\"ListItem\",\"position\":1,\"name\":\"Portada\",\"item\":\"https:\/\/clinicadentalpenedes.com\/ca\/\"},{\"@type\":\"ListItem\",\"position\":2,\"name\":\"Corones\"}]},{\"@type\":\"WebSite\",\"@id\":\"https:\/\/clinicadentalpenedes.com\/#website\",\"url\":\"https:\/\/clinicadentalpenedes.com\/\",\"name\":\"Cl\u00ednica Dental Pened\u00e8s\",\"description\":\"Cl\u00ednica Dental en Vilafranca del Pened\u00e8s\",\"potentialAction\":[{\"@type\":\"SearchAction\",\"target\":{\"@type\":\"EntryPoint\",\"urlTemplate\":\"https:\/\/clinicadentalpenedes.com\/?s={search_term_string}\"},\"query-input\":{\"@type\":\"PropertyValueSpecification\",\"valueRequired\":true,\"valueName\":\"search_term_string\"}}],\"inLanguage\":\"ca\"}]}<\/script>\n<!-- \/ Yoast SEO plugin. -->","yoast_head_json":{"title":"Corones - Dentista a Terrassa i Vilafranca - Dr. J. Ferre","description":"Implementaci\u00f3 de pr\u00f2tesis dentals sense metall. Inserci\u00f3 de corones a la cl\u00ednica del Dr. J. Ferre Jorge. Disponibilitat de corones de cer\u00e0mica o zirconi.","robots":{"index":"index","follow":"follow","max-snippet":"max-snippet:-1","max-image-preview":"max-image-preview:large","max-video-preview":"max-video-preview:-1"},"canonical":"https:\/\/clinicadentalpenedes.com\/ca\/corones\/","og_locale":"ca_ES","og_type":"article","og_title":"Corones - Dentista a Terrassa i Vilafranca - Dr. J. Ferre","og_description":"Implementaci\u00f3 de pr\u00f2tesis dentals sense metall. Inserci\u00f3 de corones a la cl\u00ednica del Dr. J. Ferre Jorge. Disponibilitat de corones de cer\u00e0mica o zirconi.","og_url":"https:\/\/clinicadentalpenedes.com\/ca\/corones\/","og_site_name":"Cl\u00ednica Dental Pened\u00e8s","article_modified_time":"2017-10-05T12:59:11+00:00","og_image":[{"url":"https:\/\/clinicadentalpenedes.com\/wp-content\/uploads\/2016\/10\/AdobeStock_50783460-555x640.jpg","type":"","width":"","height":""}],"twitter_card":"summary_large_image","schema":{"@context":"https:\/\/schema.org","@graph":[{"@type":"WebPage","@id":"https:\/\/clinicadentalpenedes.com\/ca\/corones\/","url":"https:\/\/clinicadentalpenedes.com\/ca\/corones\/","name":"Corones - Dentista a Terrassa i Vilafranca - Dr. J. Ferre","isPartOf":{"@id":"https:\/\/clinicadentalpenedes.com\/#website"},"primaryImageOfPage":{"@id":"https:\/\/clinicadentalpenedes.com\/ca\/corones\/#primaryimage"},"image":{"@id":"https:\/\/clinicadentalpenedes.com\/ca\/corones\/#primaryimage"},"thumbnailUrl":"https:\/\/clinicadentalpenedes.com\/wp-content\/uploads\/2016\/10\/AdobeStock_50783460-555x640.jpg","datePublished":"2017-06-23T09:43:23+00:00","dateModified":"2017-10-05T12:59:11+00:00","description":"Implementaci\u00f3 de pr\u00f2tesis dentals sense metall. Inserci\u00f3 de corones a la cl\u00ednica del Dr. J. Ferre Jorge. Disponibilitat de corones de cer\u00e0mica o zirconi.","breadcrumb":{"@id":"https:\/\/clinicadentalpenedes.com\/ca\/corones\/#breadcrumb"},"inLanguage":"ca","potentialAction":[{"@type":"ReadAction","target":["https:\/\/clinicadentalpenedes.com\/ca\/corones\/"]}]},{"@type":"ImageObject","inLanguage":"ca","@id":"https:\/\/clinicadentalpenedes.com\/ca\/corones\/#primaryimage","url":"https:\/\/clinicadentalpenedes.com\/wp-content\/uploads\/2016\/10\/AdobeStock_50783460-555x640.jpg","contentUrl":"https:\/\/clinicadentalpenedes.com\/wp-content\/uploads\/2016\/10\/AdobeStock_50783460-555x640.jpg"},{"@type":"BreadcrumbList","@id":"https:\/\/clinicadentalpenedes.com\/ca\/corones\/#breadcrumb","itemListElement":[{"@type":"ListItem","position":1,"name":"Portada","item":"https:\/\/clinicadentalpenedes.com\/ca\/"},{"@type":"ListItem","position":2,"name":"Corones"}]},{"@type":"WebSite","@id":"https:\/\/clinicadentalpenedes.com\/#website","url":"https:\/\/clinicadentalpenedes.com\/","name":"Cl\u00ednica Dental Pened\u00e8s","description":"Cl\u00ednica Dental en Vilafranca del Pened\u00e8s","potentialAction":[{"@type":"SearchAction","target":{"@type":"EntryPoint","urlTemplate":"https:\/\/clinicadentalpenedes.com\/?s={search_term_string}"},"query-input":{"@type":"PropertyValueSpecification","valueRequired":true,"valueName":"search_term_string"}}],"inLanguage":"ca"}]}},"_links":{"self":[{"href":"https:\/\/clinicadentalpenedes.com\/ca\/wp-json\/wp\/v2\/pages\/6295"}],"collection":[{"href":"https:\/\/clinicadentalpenedes.com\/ca\/wp-json\/wp\/v2\/pages"}],"about":[{"href":"https:\/\/clinicadentalpenedes.com\/ca\/wp-json\/wp\/v2\/types\/page"}],"author":[{"embeddable":true,"href":"https:\/\/clinicadentalpenedes.com\/ca\/wp-json\/wp\/v2\/users\/2"}],"replies":[{"embeddable":true,"href":"https:\/\/clinicadentalpenedes.com\/ca\/wp-json\/wp\/v2\/comments?post=6295"}],"version-history":[{"count":0,"href":"https:\/\/clinicadentalpenedes.com\/ca\/wp-json\/wp\/v2\/pages\/6295\/revisions"}],"wp:attachment":[{"href":"https:\/\/clinicadentalpenedes.com\/ca\/wp-json\/wp\/v2\/media?parent=6295"}],"curies":[{"name":"wp","href":"https:\/\/api.w.org\/{rel}","templated":true}]}}