{"id":6160,"date":"2016-10-05T11:37:48","date_gmt":"2016-10-05T11:37:48","guid":{"rendered":"https:\/\/clinicadentalpenedes.com\/peeling-encias\/"},"modified":"2017-10-05T12:55:08","modified_gmt":"2017-10-05T12:55:08","slug":"peeling-genives","status":"publish","type":"page","link":"https:\/\/clinicadentalpenedes.com\/ca\/peeling-genives\/","title":{"rendered":"Peeling de genives"},"content":{"rendered":"<div id=\"pl-6160\"  class=\"panel-layout\" ><div id=\"pg-6160-0\"  class=\"panel-grid panel-has-style\" ><div class=\"siteorigin-panels-stretch divider-no-animation tablet-default mobile-1-in-row desktop-default panel-row-style panel-row-style-for-6160-0\" data-stretch-type=\"full\" ><div id=\"pgc-6160-0-0\"  class=\"panel-grid-cell\" ><div id=\"panel-6160-0-0-0\" class=\"so-panel widget widget_orion_empty_space_w panel-first-child\" data-index=\"0\" ><div class=\"orion default panel-widget-style panel-widget-style-for-6160-0-0-0\" ><div\n\t\t\t\n\t\t\tclass=\"so-widget-orion_empty_space_w so-widget-orion_empty_space_w-base\"\n\t\t\t\n\t\t>\t<div class=\"row empty-space visible-lg visible-md visible-sm visible-xs\" style=\"height:24px;\">\r\n\t<\/div><\/div><\/div><\/div><div id=\"panel-6160-0-0-1\" class=\"so-panel widget widget_orion_heading_w panel-last-child\" data-index=\"1\" ><div class=\"orion mobile-text-center tablets-text-center default panel-widget-style panel-widget-style-for-6160-0-0-1\" ><div\n\t\t\t\n\t\t\tclass=\"so-widget-orion_heading_w so-widget-orion_heading_w-base\"\n\t\t\t\n\t\t> \r\n\t\t\t<div class=\"row orion-heading\" style=\"margin-bottom:0px;\">\r\n\t\t<div class=\"col-md-12  separator-style-1 text-left style-h3 style-primary-color\">\r\n\t\t\t<h3 class=\"primary-color text-uppercase\">\r\n\t\t\t\tPeeling de genives \t\t\t<\/h3>\r\n\t\t<\/div>\r\n\t<\/div>\r\n\r\n\t<\/div><\/div><\/div><\/div><\/div><\/div><div id=\"pg-6160-1\"  class=\"panel-grid panel-has-style\" ><div class=\"divider-no-animation tablet-1-in-row mobile-1-in-row desktop-default panel-row-style panel-row-style-for-6160-1\" ><div id=\"pgc-6160-1-0\"  class=\"panel-grid-cell\" ><div id=\"panel-6160-1-0-0\" class=\"so-panel widget widget_orion_image_w panel-first-child\" data-index=\"2\" ><div class=\"orion default panel-widget-style panel-widget-style-for-6160-1-0-0\" ><div\n\t\t\t\n\t\t\tclass=\"so-widget-orion_image_w so-widget-orion_image_w-base\"\n\t\t\t\n\t\t>\r\n<div class=\"image-w relative\">\r\n\r\n\t\t\t\t\t\t\t<div class=\" overlay-none overlay-hover-none\">\r\n\t\t\r\n\t\t\t\t\t<img loading=\"lazy\" decoding=\"async\" width=\"960\" height=\"359\" src=\"https:\/\/clinicadentalpenedes.com\/wp-content\/uploads\/2016\/10\/AdobeStock_90687044.jpg\" class=\"attachment- size-\" alt=\"examinar tu boca una vez al mes\" \/>\t\t\t<div class=\"overlay\"><\/div>\r\n\t\t\r\n\t\t\t\t\t<\/div>\r\n\t\t\t\r\n\t\r\n\t<div class=\"absolute\">\r\n\t\t<div class=\"hover-desc table-wrap\">\r\n\t\t\t<div class=\"cell-wrap\">\r\n\t\t\t\t<h4 class=\"text-light\"><\/h4>\r\n\t\t\t<\/div>\r\n\t\t<\/div>\r\n\t<\/div>\t\t\t\t\t\r\n<\/div>\r\n\r\n<\/div><\/div><\/div><div id=\"panel-6160-1-0-1\" class=\"so-panel widget widget_orion_empty_space_w\" data-index=\"3\" ><div class=\"orion default panel-widget-style panel-widget-style-for-6160-1-0-1\" ><div\n\t\t\t\n\t\t\tclass=\"so-widget-orion_empty_space_w so-widget-orion_empty_space_w-base\"\n\t\t\t\n\t\t>\t<div class=\"row empty-space visible-lg visible-md visible-sm visible-xs\" style=\"height:24px;\">\r\n\t<\/div><\/div><\/div><\/div><div id=\"panel-6160-1-0-2\" class=\"so-panel widget widget_orion_button_w panel-last-child\" data-index=\"4\" ><div class=\"orion default panel-widget-style panel-widget-style-for-6160-1-0-2\" ><div\n\t\t\t\n\t\t\tclass=\"so-widget-orion_button_w so-widget-orion_button_w-base\"\n\t\t\t\n\t\t>\t<div class=\"wrapper block\" style=\"text-align:center\">\r\n\r\n\t\t\t<a class=\"btn btn-c1 btn-round btn-wire btn-xs\"  href=\"https:\/\/clinicadentalpenedes.com\/ca\/cas-real-peeling-de-genives\/\"\r\n\t\t\t   \t\t>\r\n\t\t\tVeure cas real\t\t\r\n\t\t<\/a>\r\n\t\r\n<\/div>\r\n<\/div><\/div><\/div><\/div><div id=\"pgc-6160-1-1\"  class=\"panel-grid-cell\" ><div id=\"panel-6160-1-1-0\" class=\"so-panel widget widget_sow-editor panel-first-child panel-last-child\" data-index=\"5\" ><div class=\"orion mobile-text-center tablets-text-center default panel-widget-style panel-widget-style-for-6160-1-1-0\" ><div\n\t\t\t\n\t\t\tclass=\"so-widget-sow-editor so-widget-sow-editor-base\"\n\t\t\t\n\t\t>\n<div class=\"siteorigin-widget-tinymce textwidget\">\n\t<p>Permet eliminar les tincions mel\u00e0niques de les genives, passant de tenir les genives fosques a un color rosat, millorant la imatge personal.<\/p>\n<\/div>\n<\/div><\/div><\/div><\/div><\/div><\/div><div id=\"pg-6160-2\"  class=\"panel-grid panel-has-style\" ><div class=\"divider-no-animation tablet-default mobile-1-in-row desktop-default panel-row-style panel-row-style-for-6160-2\" ><div id=\"pgc-6160-2-0\"  class=\"panel-grid-cell\" ><div id=\"panel-6160-2-0-0\" class=\"so-panel widget widget_orion_empty_space_w panel-first-child\" data-index=\"6\" ><div class=\"orion default panel-widget-style panel-widget-style-for-6160-2-0-0\" ><div\n\t\t\t\n\t\t\tclass=\"so-widget-orion_empty_space_w so-widget-orion_empty_space_w-base\"\n\t\t\t\n\t\t>\t<div class=\"row empty-space visible-lg visible-md visible-sm visible-xs\" style=\"height:24px;\">\r\n\t<\/div><\/div><\/div><\/div><div id=\"panel-6160-2-0-1\" class=\"so-panel widget widget_orion_button_w panel-last-child\" data-index=\"7\" ><div class=\"orion default panel-widget-style panel-widget-style-for-6160-2-0-1\" ><div\n\t\t\t\n\t\t\tclass=\"so-widget-orion_button_w so-widget-orion_button_w-base\"\n\t\t\t\n\t\t>\t<div class=\"wrapper block\" style=\"text-align:center\">\r\n\r\n\t\t\t<a class=\"btn btn-c1 btn-round icon-right btn-flat btn-md\"  href=\"https:\/\/clinicadentalpenedes.com\/contacto\/\"\r\n\t\t\t   \t\t>\r\n\t\t\tDemana la teva cita<span class=\"sow-icon-fontawesome sow-far\" data-sow-icon=\"&#xf133;\"\n\t\tstyle=\"\" \n\t\taria-hidden=\"true\"><\/span>\t\t\r\n\t\t<\/a>\r\n\t\r\n<\/div>\r\n<\/div><\/div><\/div><\/div><\/div><\/div><\/div>","protected":false},"excerpt":{"rendered":"<p>Les tincions mel\u00e0niques de les genives poden ser eliminades ajudant a la millora de la imatge personal.<\/p>\n","protected":false},"author":2,"featured_media":0,"parent":0,"menu_order":0,"comment_status":"closed","ping_status":"closed","template":"","meta":{"_monsterinsights_skip_tracking":false,"_monsterinsights_sitenote_active":false,"_monsterinsights_sitenote_note":"","_monsterinsights_sitenote_category":0,"footnotes":""},"yoast_head":"<!-- This site is optimized with the Yoast SEO plugin v24.2 - https:\/\/yoast.com\/wordpress\/plugins\/seo\/ -->\n<title>Peeling de genives - Dentista a Terrassa i Vilafranca - Dr. J. Ferre<\/title>\n<meta name=\"description\" content=\"Tractament d&#039;est\u00e8tica dental. Peeling de genives a les cl\u00edniques del Dr. J. Ferre. Aclara el color de les teves genives i millora la teva imatge personal.\" \/>\n<meta name=\"robots\" content=\"index, follow, max-snippet:-1, max-image-preview:large, max-video-preview:-1\" \/>\n<link rel=\"canonical\" href=\"https:\/\/clinicadentalpenedes.com\/ca\/peeling-genives\/\" \/>\n<meta property=\"og:locale\" content=\"ca_ES\" \/>\n<meta property=\"og:type\" content=\"article\" \/>\n<meta property=\"og:title\" content=\"Peeling de genives - Dentista a Terrassa i Vilafranca - Dr. J. Ferre\" \/>\n<meta property=\"og:description\" content=\"Tractament d&#039;est\u00e8tica dental. Peeling de genives a les cl\u00edniques del Dr. J. Ferre. Aclara el color de les teves genives i millora la teva imatge personal.\" \/>\n<meta property=\"og:url\" content=\"https:\/\/clinicadentalpenedes.com\/ca\/peeling-genives\/\" \/>\n<meta property=\"og:site_name\" content=\"Cl\u00ednica Dental Pened\u00e8s\" \/>\n<meta property=\"article:modified_time\" content=\"2017-10-05T12:55:08+00:00\" \/>\n<meta property=\"og:image\" content=\"https:\/\/clinicadentalpenedes.com\/wp-content\/uploads\/2016\/10\/AdobeStock_90687044.jpg\" \/>\n<meta name=\"twitter:card\" content=\"summary_large_image\" \/>\n<script type=\"application\/ld+json\" class=\"yoast-schema-graph\">{\"@context\":\"https:\/\/schema.org\",\"@graph\":[{\"@type\":\"WebPage\",\"@id\":\"https:\/\/clinicadentalpenedes.com\/ca\/peeling-genives\/\",\"url\":\"https:\/\/clinicadentalpenedes.com\/ca\/peeling-genives\/\",\"name\":\"Peeling de genives - Dentista a Terrassa i Vilafranca - Dr. J. Ferre\",\"isPartOf\":{\"@id\":\"https:\/\/clinicadentalpenedes.com\/#website\"},\"primaryImageOfPage\":{\"@id\":\"https:\/\/clinicadentalpenedes.com\/ca\/peeling-genives\/#primaryimage\"},\"image\":{\"@id\":\"https:\/\/clinicadentalpenedes.com\/ca\/peeling-genives\/#primaryimage\"},\"thumbnailUrl\":\"https:\/\/clinicadentalpenedes.com\/wp-content\/uploads\/2016\/10\/AdobeStock_90687044.jpg\",\"datePublished\":\"2016-10-05T11:37:48+00:00\",\"dateModified\":\"2017-10-05T12:55:08+00:00\",\"description\":\"Tractament d'est\u00e8tica dental. Peeling de genives a les cl\u00edniques del Dr. J. Ferre. Aclara el color de les teves genives i millora la teva imatge personal.\",\"breadcrumb\":{\"@id\":\"https:\/\/clinicadentalpenedes.com\/ca\/peeling-genives\/#breadcrumb\"},\"inLanguage\":\"ca\",\"potentialAction\":[{\"@type\":\"ReadAction\",\"target\":[\"https:\/\/clinicadentalpenedes.com\/ca\/peeling-genives\/\"]}]},{\"@type\":\"ImageObject\",\"inLanguage\":\"ca\",\"@id\":\"https:\/\/clinicadentalpenedes.com\/ca\/peeling-genives\/#primaryimage\",\"url\":\"https:\/\/clinicadentalpenedes.com\/wp-content\/uploads\/2016\/10\/AdobeStock_90687044.jpg\",\"contentUrl\":\"https:\/\/clinicadentalpenedes.com\/wp-content\/uploads\/2016\/10\/AdobeStock_90687044.jpg\"},{\"@type\":\"BreadcrumbList\",\"@id\":\"https:\/\/clinicadentalpenedes.com\/ca\/peeling-genives\/#breadcrumb\",\"itemListElement\":[{\"@type\":\"ListItem\",\"position\":1,\"name\":\"Portada\",\"item\":\"https:\/\/clinicadentalpenedes.com\/ca\/\"},{\"@type\":\"ListItem\",\"position\":2,\"name\":\"Peeling de genives\"}]},{\"@type\":\"WebSite\",\"@id\":\"https:\/\/clinicadentalpenedes.com\/#website\",\"url\":\"https:\/\/clinicadentalpenedes.com\/\",\"name\":\"Cl\u00ednica Dental Pened\u00e8s\",\"description\":\"Cl\u00ednica Dental en Vilafranca del Pened\u00e8s\",\"potentialAction\":[{\"@type\":\"SearchAction\",\"target\":{\"@type\":\"EntryPoint\",\"urlTemplate\":\"https:\/\/clinicadentalpenedes.com\/?s={search_term_string}\"},\"query-input\":{\"@type\":\"PropertyValueSpecification\",\"valueRequired\":true,\"valueName\":\"search_term_string\"}}],\"inLanguage\":\"ca\"}]}<\/script>\n<!-- \/ Yoast SEO plugin. -->","yoast_head_json":{"title":"Peeling de genives - Dentista a Terrassa i Vilafranca - Dr. J. Ferre","description":"Tractament d'est\u00e8tica dental. Peeling de genives a les cl\u00edniques del Dr. J. Ferre. Aclara el color de les teves genives i millora la teva imatge personal.","robots":{"index":"index","follow":"follow","max-snippet":"max-snippet:-1","max-image-preview":"max-image-preview:large","max-video-preview":"max-video-preview:-1"},"canonical":"https:\/\/clinicadentalpenedes.com\/ca\/peeling-genives\/","og_locale":"ca_ES","og_type":"article","og_title":"Peeling de genives - Dentista a Terrassa i Vilafranca - Dr. J. Ferre","og_description":"Tractament d'est\u00e8tica dental. Peeling de genives a les cl\u00edniques del Dr. J. Ferre. Aclara el color de les teves genives i millora la teva imatge personal.","og_url":"https:\/\/clinicadentalpenedes.com\/ca\/peeling-genives\/","og_site_name":"Cl\u00ednica Dental Pened\u00e8s","article_modified_time":"2017-10-05T12:55:08+00:00","og_image":[{"url":"https:\/\/clinicadentalpenedes.com\/wp-content\/uploads\/2016\/10\/AdobeStock_90687044.jpg","type":"","width":"","height":""}],"twitter_card":"summary_large_image","schema":{"@context":"https:\/\/schema.org","@graph":[{"@type":"WebPage","@id":"https:\/\/clinicadentalpenedes.com\/ca\/peeling-genives\/","url":"https:\/\/clinicadentalpenedes.com\/ca\/peeling-genives\/","name":"Peeling de genives - Dentista a Terrassa i Vilafranca - Dr. J. Ferre","isPartOf":{"@id":"https:\/\/clinicadentalpenedes.com\/#website"},"primaryImageOfPage":{"@id":"https:\/\/clinicadentalpenedes.com\/ca\/peeling-genives\/#primaryimage"},"image":{"@id":"https:\/\/clinicadentalpenedes.com\/ca\/peeling-genives\/#primaryimage"},"thumbnailUrl":"https:\/\/clinicadentalpenedes.com\/wp-content\/uploads\/2016\/10\/AdobeStock_90687044.jpg","datePublished":"2016-10-05T11:37:48+00:00","dateModified":"2017-10-05T12:55:08+00:00","description":"Tractament d'est\u00e8tica dental. Peeling de genives a les cl\u00edniques del Dr. J. Ferre. Aclara el color de les teves genives i millora la teva imatge personal.","breadcrumb":{"@id":"https:\/\/clinicadentalpenedes.com\/ca\/peeling-genives\/#breadcrumb"},"inLanguage":"ca","potentialAction":[{"@type":"ReadAction","target":["https:\/\/clinicadentalpenedes.com\/ca\/peeling-genives\/"]}]},{"@type":"ImageObject","inLanguage":"ca","@id":"https:\/\/clinicadentalpenedes.com\/ca\/peeling-genives\/#primaryimage","url":"https:\/\/clinicadentalpenedes.com\/wp-content\/uploads\/2016\/10\/AdobeStock_90687044.jpg","contentUrl":"https:\/\/clinicadentalpenedes.com\/wp-content\/uploads\/2016\/10\/AdobeStock_90687044.jpg"},{"@type":"BreadcrumbList","@id":"https:\/\/clinicadentalpenedes.com\/ca\/peeling-genives\/#breadcrumb","itemListElement":[{"@type":"ListItem","position":1,"name":"Portada","item":"https:\/\/clinicadentalpenedes.com\/ca\/"},{"@type":"ListItem","position":2,"name":"Peeling de genives"}]},{"@type":"WebSite","@id":"https:\/\/clinicadentalpenedes.com\/#website","url":"https:\/\/clinicadentalpenedes.com\/","name":"Cl\u00ednica Dental Pened\u00e8s","description":"Cl\u00ednica Dental en Vilafranca del Pened\u00e8s","potentialAction":[{"@type":"SearchAction","target":{"@type":"EntryPoint","urlTemplate":"https:\/\/clinicadentalpenedes.com\/?s={search_term_string}"},"query-input":{"@type":"PropertyValueSpecification","valueRequired":true,"valueName":"search_term_string"}}],"inLanguage":"ca"}]}},"_links":{"self":[{"href":"https:\/\/clinicadentalpenedes.com\/ca\/wp-json\/wp\/v2\/pages\/6160"}],"collection":[{"href":"https:\/\/clinicadentalpenedes.com\/ca\/wp-json\/wp\/v2\/pages"}],"about":[{"href":"https:\/\/clinicadentalpenedes.com\/ca\/wp-json\/wp\/v2\/types\/page"}],"author":[{"embeddable":true,"href":"https:\/\/clinicadentalpenedes.com\/ca\/wp-json\/wp\/v2\/users\/2"}],"replies":[{"embeddable":true,"href":"https:\/\/clinicadentalpenedes.com\/ca\/wp-json\/wp\/v2\/comments?post=6160"}],"version-history":[{"count":0,"href":"https:\/\/clinicadentalpenedes.com\/ca\/wp-json\/wp\/v2\/pages\/6160\/revisions"}],"wp:attachment":[{"href":"https:\/\/clinicadentalpenedes.com\/ca\/wp-json\/wp\/v2\/media?parent=6160"}],"curies":[{"name":"wp","href":"https:\/\/api.w.org\/{rel}","templated":true}]}}