{"id":6069,"date":"2017-06-14T16:09:39","date_gmt":"2017-06-14T16:09:39","guid":{"rendered":"https:\/\/clinicadentalpenedes.com\/quien-soy\/"},"modified":"2021-09-08T17:19:41","modified_gmt":"2021-09-08T17:19:41","slug":"dr-j-ferre-jorge","status":"publish","type":"page","link":"https:\/\/clinicadentalpenedes.com\/ca\/dr-j-ferre-jorge\/","title":{"rendered":"Dr. J. Ferre Jorge"},"content":{"rendered":"","protected":true},"excerpt":{"rendered":"","protected":true},"author":2,"featured_media":0,"parent":0,"menu_order":0,"comment_status":"closed","ping_status":"open","template":"","meta":{"_monsterinsights_skip_tracking":false,"_monsterinsights_sitenote_active":false,"_monsterinsights_sitenote_note":"","_monsterinsights_sitenote_category":0,"footnotes":""},"yoast_head":"<!-- This site is optimized with the Yoast SEO plugin v24.2 - https:\/\/yoast.com\/wordpress\/plugins\/seo\/ -->\n<title>Cl\u00ednica Dental Pened\u00e8s \u2013 Dr. Ferre, el teu dentista de confian\u00e7a<\/title>\n<meta name=\"description\" content=\"Coneix al Dr. Ferre, el teu dentista a Vilafranca del Pened\u00e8s, un dels experts en Odontologia millor preparats. Posa el teu somriure a les seves mans!.\" \/>\n<meta name=\"robots\" content=\"index, follow, max-snippet:-1, max-image-preview:large, max-video-preview:-1\" \/>\n<link rel=\"canonical\" href=\"https:\/\/clinicadentalpenedes.com\/ca\/dr-j-ferre-jorge\/\" \/>\n<meta property=\"og:locale\" content=\"ca_ES\" \/>\n<meta property=\"og:type\" content=\"article\" \/>\n<meta property=\"og:title\" content=\"Cl\u00ednica Dental Pened\u00e8s \u2013 Dr. Ferre, el teu dentista de confian\u00e7a\" \/>\n<meta property=\"og:description\" content=\"Coneix al Dr. Ferre, el teu dentista a Vilafranca del Pened\u00e8s, un dels experts en Odontologia millor preparats. Posa el teu somriure a les seves mans!.\" \/>\n<meta property=\"og:url\" content=\"https:\/\/clinicadentalpenedes.com\/ca\/dr-j-ferre-jorge\/\" \/>\n<meta property=\"og:site_name\" content=\"Cl\u00ednica Dental Pened\u00e8s\" \/>\n<meta property=\"article:modified_time\" content=\"2021-09-08T17:19:41+00:00\" \/>\n<meta name=\"twitter:card\" content=\"summary_large_image\" \/>\n<meta name=\"twitter:label1\" content=\"Temps estimat de lectura\" \/>\n\t<meta name=\"twitter:data1\" content=\"1 minut\" \/>\n<script type=\"application\/ld+json\" class=\"yoast-schema-graph\">{\"@context\":\"https:\/\/schema.org\",\"@graph\":[{\"@type\":\"WebPage\",\"@id\":\"https:\/\/clinicadentalpenedes.com\/ca\/dr-j-ferre-jorge\/\",\"url\":\"https:\/\/clinicadentalpenedes.com\/ca\/dr-j-ferre-jorge\/\",\"name\":\"Cl\u00ednica Dental Pened\u00e8s \u2013 Dr. Ferre, el teu dentista de confian\u00e7a\",\"isPartOf\":{\"@id\":\"https:\/\/clinicadentalpenedes.com\/#website\"},\"datePublished\":\"2017-06-14T16:09:39+00:00\",\"dateModified\":\"2021-09-08T17:19:41+00:00\",\"breadcrumb\":{\"@id\":\"https:\/\/clinicadentalpenedes.com\/ca\/dr-j-ferre-jorge\/#breadcrumb\"},\"inLanguage\":\"ca\"},{\"@type\":\"WebSite\",\"@id\":\"https:\/\/clinicadentalpenedes.com\/#website\",\"url\":\"https:\/\/clinicadentalpenedes.com\/\",\"name\":\"Cl\u00ednica Dental Pened\u00e8s\",\"description\":\"Cl\u00ednica Dental en Vilafranca del Pened\u00e8s\",\"potentialAction\":[{\"@type\":\"SearchAction\",\"target\":{\"@type\":\"EntryPoint\",\"urlTemplate\":\"https:\/\/clinicadentalpenedes.com\/?s={search_term_string}\"},\"query-input\":{\"@type\":\"PropertyValueSpecification\",\"valueRequired\":true,\"valueName\":\"search_term_string\"}}],\"inLanguage\":\"ca\"}]}<\/script>\n<!-- \/ Yoast SEO plugin. -->","yoast_head_json":{"title":"Cl\u00ednica Dental Pened\u00e8s \u2013 Dr. Ferre, el teu dentista de confian\u00e7a","description":"Coneix al Dr. Ferre, el teu dentista a Vilafranca del Pened\u00e8s, un dels experts en Odontologia millor preparats. Posa el teu somriure a les seves mans!.","robots":{"index":"index","follow":"follow","max-snippet":"max-snippet:-1","max-image-preview":"max-image-preview:large","max-video-preview":"max-video-preview:-1"},"canonical":"https:\/\/clinicadentalpenedes.com\/ca\/dr-j-ferre-jorge\/","og_locale":"ca_ES","og_type":"article","og_title":"Cl\u00ednica Dental Pened\u00e8s \u2013 Dr. Ferre, el teu dentista de confian\u00e7a","og_description":"Coneix al Dr. Ferre, el teu dentista a Vilafranca del Pened\u00e8s, un dels experts en Odontologia millor preparats. Posa el teu somriure a les seves mans!.","og_url":"https:\/\/clinicadentalpenedes.com\/ca\/dr-j-ferre-jorge\/","og_site_name":"Cl\u00ednica Dental Pened\u00e8s","article_modified_time":"2021-09-08T17:19:41+00:00","twitter_card":"summary_large_image","twitter_misc":{"Temps estimat de lectura":"1 minut"},"schema":{"@context":"https:\/\/schema.org","@graph":[{"@type":"WebPage","@id":"https:\/\/clinicadentalpenedes.com\/ca\/dr-j-ferre-jorge\/","url":"https:\/\/clinicadentalpenedes.com\/ca\/dr-j-ferre-jorge\/","name":"Cl\u00ednica Dental Pened\u00e8s \u2013 Dr. Ferre, el teu dentista de confian\u00e7a","isPartOf":{"@id":"https:\/\/clinicadentalpenedes.com\/#website"},"datePublished":"2017-06-14T16:09:39+00:00","dateModified":"2021-09-08T17:19:41+00:00","breadcrumb":{"@id":"https:\/\/clinicadentalpenedes.com\/ca\/dr-j-ferre-jorge\/#breadcrumb"},"inLanguage":"ca"},{"@type":"WebSite","@id":"https:\/\/clinicadentalpenedes.com\/#website","url":"https:\/\/clinicadentalpenedes.com\/","name":"Cl\u00ednica Dental Pened\u00e8s","description":"Cl\u00ednica Dental en Vilafranca del Pened\u00e8s","potentialAction":[{"@type":"SearchAction","target":{"@type":"EntryPoint","urlTemplate":"https:\/\/clinicadentalpenedes.com\/?s={search_term_string}"},"query-input":{"@type":"PropertyValueSpecification","valueRequired":true,"valueName":"search_term_string"}}],"inLanguage":"ca"}]}},"_links":{"self":[{"href":"https:\/\/clinicadentalpenedes.com\/ca\/wp-json\/wp\/v2\/pages\/6069"}],"collection":[{"href":"https:\/\/clinicadentalpenedes.com\/ca\/wp-json\/wp\/v2\/pages"}],"about":[{"href":"https:\/\/clinicadentalpenedes.com\/ca\/wp-json\/wp\/v2\/types\/page"}],"author":[{"embeddable":true,"href":"https:\/\/clinicadentalpenedes.com\/ca\/wp-json\/wp\/v2\/users\/2"}],"replies":[{"embeddable":true,"href":"https:\/\/clinicadentalpenedes.com\/ca\/wp-json\/wp\/v2\/comments?post=6069"}],"version-history":[{"count":0,"href":"https:\/\/clinicadentalpenedes.com\/ca\/wp-json\/wp\/v2\/pages\/6069\/revisions"}],"wp:attachment":[{"href":"https:\/\/clinicadentalpenedes.com\/ca\/wp-json\/wp\/v2\/media?parent=6069"}],"curies":[{"name":"wp","href":"https:\/\/api.w.org\/{rel}","templated":true}]}}