{"id":13703,"date":"2019-05-09T08:17:59","date_gmt":"2019-05-09T08:17:59","guid":{"rendered":"https:\/\/clinicadentalpenedes.com\/cirugia-oral\/"},"modified":"2023-01-25T13:44:59","modified_gmt":"2023-01-25T13:44:59","slug":"cirurgia-oral","status":"publish","type":"page","link":"https:\/\/clinicadentalpenedes.com\/ca\/cirurgia-oral\/","title":{"rendered":"Cirurgia Oral"},"content":{"rendered":"<div id=\"pl-13703\"  class=\"panel-layout\" ><div id=\"pg-13703-0\"  class=\"panel-grid panel-has-style\" ><div class=\"vertical_down orion-parallax siteorigin-panels-stretch orion-separator bottom-svg-3 bottom-svg-inside divider-no-animation tablet-1-in-row mobile-1-in-row desktop-default overlay-c2-c1 panel-row-style panel-row-style-for-13703-0\" data-stretch-type=\"full\" ><div id=\"pgc-13703-0-0\"  class=\"panel-grid-cell\" ><div id=\"panel-13703-0-0-0\" class=\"so-panel widget widget_orion_heading_w panel-first-child panel-last-child\" data-index=\"0\" ><div class=\"orion mobile-text-center default panel-widget-style panel-widget-style-for-13703-0-0-0\" ><div\n\t\t\t\n\t\t\tclass=\"so-widget-orion_heading_w so-widget-orion_heading_w-base\"\n\t\t\t\n\t\t> \r\n\t\t\t<div class=\"row orion-heading\" style=\"margin-bottom:0px;\">\r\n\t\t<div class=\"col-md-12   text-center style-h1 style-text-light\">\r\n\t\t\t<h1 class=\"text-light\">\r\n\t\t\t\t<strong>Les \u00faltimes innovacions per tractar la teva salut bucal<\/strong>\t\t\t<\/h1>\r\n\t\t<\/div>\r\n\t<\/div>\r\n\r\n\t<\/div><\/div><\/div><\/div><\/div><\/div><div id=\"pg-13703-1\"  class=\"panel-grid panel-has-style\" ><div class=\"siteorigin-panels-stretch divider-no-animation tablet-default mobile-1-in-row desktop-default panel-row-style panel-row-style-for-13703-1\" data-stretch-type=\"full\" ><div id=\"pgc-13703-1-0\"  class=\"panel-grid-cell\" ><div id=\"panel-13703-1-0-0\" class=\"so-panel widget widget_orion_empty_space_w panel-first-child\" data-index=\"1\" ><div class=\"orion default panel-widget-style panel-widget-style-for-13703-1-0-0\" ><div\n\t\t\t\n\t\t\tclass=\"so-widget-orion_empty_space_w so-widget-orion_empty_space_w-base\"\n\t\t\t\n\t\t>\t<div class=\"row empty-space visible-sm visible-xs\" style=\"height:40px;\">\r\n\t<\/div><\/div><\/div><\/div><div id=\"panel-13703-1-0-1\" class=\"so-panel widget widget_orion_heading_w\" data-index=\"2\" ><div class=\"orion default panel-widget-style panel-widget-style-for-13703-1-0-1\" ><div\n\t\t\t\n\t\t\tclass=\"so-widget-orion_heading_w so-widget-orion_heading_w-base\"\n\t\t\t\n\t\t> \r\n\t\t\t<div class=\"row orion-heading\" style=\"margin-bottom:0px;\">\r\n\t\t<div class=\"col-md-12  separator-style-1 text-left style-h3 style-primary-color\">\r\n\t\t\t<h3 class=\"primary-color text-uppercase\">\r\n\t\t\t\t<strong>Cirurgia oral<\/strong>\t\t\t<\/h3>\r\n\t\t<\/div>\r\n\t<\/div>\r\n\r\n\t<\/div><\/div><\/div><div id=\"panel-13703-1-0-2\" class=\"so-panel widget widget_sow-editor\" data-index=\"3\" ><div class=\"orion default panel-widget-style panel-widget-style-for-13703-1-0-2\" ><div\n\t\t\t\n\t\t\tclass=\"so-widget-sow-editor so-widget-sow-editor-base\"\n\t\t\t\n\t\t>\n<div class=\"siteorigin-widget-tinymce textwidget\">\n\t<p style=\"text-align: justify;\">L'equip d'experts de <strong>Cl\u00ednica Dental Pened\u00e8s<\/strong>, encap\u00e7alat pel Dr. Jorge Ferre, realitza una an\u00e0lisi detallada del somriure dels pacients per veure si \u00e9s necess\u00e0ria una intervenci\u00f3 ambulat\u00f2ria.<\/p>\n<\/div>\n<\/div><\/div><\/div><div id=\"panel-13703-1-0-3\" class=\"so-panel widget widget_orion_empty_space_w panel-last-child\" data-index=\"4\" ><div class=\"orion default panel-widget-style panel-widget-style-for-13703-1-0-3\" ><div\n\t\t\t\n\t\t\tclass=\"so-widget-orion_empty_space_w so-widget-orion_empty_space_w-base\"\n\t\t\t\n\t\t>\t<div class=\"row empty-space visible-sm visible-xs\" style=\"height:40px;\">\r\n\t<\/div><\/div><\/div><\/div><\/div><\/div><\/div><div id=\"pg-13703-2\"  class=\"panel-grid panel-has-style\" ><div class=\"divider-no-animation tablet-default mobile-1-in-row desktop-default panel-row-style panel-row-style-for-13703-2\" ><div id=\"pgc-13703-2-0\"  class=\"panel-grid-cell\" ><div class=\"overlay-dark panel-cell-style panel-cell-style-for-13703-2-0\" ><div id=\"panel-13703-2-0-0\" class=\"so-panel widget widget_orion_empty_space_w panel-first-child\" data-index=\"5\" ><div class=\"orion default panel-widget-style panel-widget-style-for-13703-2-0-0\" ><div\n\t\t\t\n\t\t\tclass=\"so-widget-orion_empty_space_w so-widget-orion_empty_space_w-base\"\n\t\t\t\n\t\t>\t<div class=\"row empty-space visible-lg visible-md visible-sm visible-xs\" style=\"height:40px;\">\r\n\t<\/div><\/div><\/div><\/div><div id=\"panel-13703-2-0-1\" class=\"so-panel widget widget_orion_empty_space_w\" data-index=\"6\" ><div class=\"orion default panel-widget-style panel-widget-style-for-13703-2-0-1\" ><div\n\t\t\t\n\t\t\tclass=\"so-widget-orion_empty_space_w so-widget-orion_empty_space_w-base\"\n\t\t\t\n\t\t>\t<div class=\"row empty-space visible-md\" style=\"height:40px;\">\r\n\t<\/div><\/div><\/div><\/div><div id=\"panel-13703-2-0-2\" class=\"so-panel widget widget_orion_heading_w\" data-index=\"7\" ><div class=\"orion default panel-widget-style panel-widget-style-for-13703-2-0-2\" ><div\n\t\t\t\n\t\t\tclass=\"so-widget-orion_heading_w so-widget-orion_heading_w-base\"\n\t\t\t\n\t\t> \r\n\t\t\t<div class=\"row orion-heading\" style=\"margin-bottom:0px;\">\r\n\t\t<div class=\"col-md-12  separator-style-1 text-left style-h3 style-text-light\">\r\n\t\t\t<h3 class=\"text-light text-uppercase\">\r\n\t\t\t\t<strong>Quan \u00e9s apropiada una cirurgia oral?<\/strong>\t\t\t<\/h3>\r\n\t\t<\/div>\r\n\t<\/div>\r\n\r\n\t<\/div><\/div><\/div><div id=\"panel-13703-2-0-3\" class=\"so-panel widget widget_orion_heading_w\" data-index=\"8\" ><div class=\"orion default panel-widget-style panel-widget-style-for-13703-2-0-3\" ><div\n\t\t\t\n\t\t\tclass=\"so-widget-orion_heading_w so-widget-orion_heading_w-base\"\n\t\t\t\n\t\t> \r\n\t\t\t<div class=\"row orion-heading\" style=\"margin-bottom:0px;\">\r\n\t\t<div class=\"col-md-12   text-left style-h6 style-text-light\">\r\n\t\t\t<h6 class=\"text-light\">\r\n\t\t\t\tLes raons per les quals es realitza habitualment aquesta t\u00e8cnica s\u00f3n les seg\u00fcents:\t\t\t<\/h6>\r\n\t\t<\/div>\r\n\t<\/div>\r\n\r\n\t<\/div><\/div><\/div><div id=\"panel-13703-2-0-4\" class=\"so-panel widget widget_orion_empty_space_w\" data-index=\"9\" ><div class=\"orion default panel-widget-style panel-widget-style-for-13703-2-0-4\" ><div\n\t\t\t\n\t\t\tclass=\"so-widget-orion_empty_space_w so-widget-orion_empty_space_w-base\"\n\t\t\t\n\t\t>\t<div class=\"row empty-space visible-md visible-sm\" style=\"height:90px;\">\r\n\t<\/div><\/div><\/div><\/div><div id=\"panel-13703-2-0-5\" class=\"so-panel widget widget_orion_empty_space_w panel-last-child\" data-index=\"10\" ><div class=\"orion default panel-widget-style panel-widget-style-for-13703-2-0-5\" ><div\n\t\t\t\n\t\t\tclass=\"so-widget-orion_empty_space_w so-widget-orion_empty_space_w-base\"\n\t\t\t\n\t\t>\t<div class=\"row empty-space visible-sm\" style=\"height:30px;\">\r\n\t<\/div><\/div><\/div><\/div><\/div><\/div><div id=\"pgc-13703-2-1\"  class=\"panel-grid-cell\" ><div class=\"panel-cell-style panel-cell-style-for-13703-2-1\" ><div id=\"panel-13703-2-1-0\" class=\"so-panel widget widget_orion_empty_space_w panel-first-child\" data-index=\"11\" ><div class=\"orion default panel-widget-style panel-widget-style-for-13703-2-1-0\" ><div\n\t\t\t\n\t\t\tclass=\"so-widget-orion_empty_space_w so-widget-orion_empty_space_w-base\"\n\t\t\t\n\t\t>\t<div class=\"row empty-space visible-lg visible-md visible-sm visible-xs\" style=\"height:50px;\">\r\n\t<\/div><\/div><\/div><\/div><div id=\"panel-13703-2-1-1\" class=\"so-panel widget widget_orion_icon_text_w\" data-index=\"12\" ><div class=\"orion default panel-widget-style panel-widget-style-for-13703-2-1-1\" ><div\n\t\t\t\n\t\t\tclass=\"so-widget-orion_icon_text_w so-widget-orion_icon_text_w-base\"\n\t\t\t\n\t\t>\r\n<div class=\"row icon-box-items-wrap grid short\">\r\n \r\n\t\r\n\t\t\r\n\t\t\r\n\t\t\t\t\r\n\t\t\r\n\t\t<div class=\"icon-box-wrap clearfix col-lg-12 col-sm-12 no_desc vertical-center text-dark\" style=\"margin-bottom:36px;\">\t\t\r\n\r\n\t\t\t<h4 class=\"item-title h6\">EXTRACCIONS AMB PRESERVACI\u00d3 D'OS MITJAN\u00c7ANT EMPELTS<\/h4>\t\t\t\t\t\t\t<div class=\"icon-wrap absolute simple\">\r\n\t\t\t\t\t<span class=\"sow-icon-fontawesome sow-fas\" data-sow-icon=\"&#xf061;\"\n\t\tstyle=\"color: #3c6137\" \n\t\taria-hidden=\"true\"><\/span>\t\t\t\t\t\t\t\t\t<\/div>\r\n\t\t\t\r\n\t\t\t\t\t\t\r\n\r\n\t\t\t\r\n\t\t<\/div>\r\n\t\r\n\t\t\r\n\t\t\r\n\t\t\t\t\r\n\t\t\r\n\t\t<div class=\"icon-box-wrap clearfix col-lg-12 col-sm-12 no_desc vertical-center text-dark\" style=\"margin-bottom:36px;\">\t\t\r\n\r\n\t\t\t<h4 class=\"item-title h6\">DENTS INCLOSOS O ARRELS DINS DE L'OS<\/h4>\t\t\t\t\t\t\t<div class=\"icon-wrap absolute simple\">\r\n\t\t\t\t\t<span class=\"sow-icon-fontawesome sow-fas\" data-sow-icon=\"&#xf061;\"\n\t\tstyle=\"color: #3c6137\" \n\t\taria-hidden=\"true\"><\/span>\t\t\t\t\t\t\t\t\t<\/div>\r\n\t\t\t\r\n\t\t\t\t\t\t\r\n\r\n\t\t\t\r\n\t\t<\/div>\r\n\t\r\n\t\t\r\n\t\t\r\n\t\t\t\t\r\n\t\t\r\n\t\t<div class=\"icon-box-wrap clearfix col-lg-12 col-sm-12 no_desc vertical-center text-dark\" style=\"margin-bottom:36px;\">\t\t\r\n\r\n\t\t\t<h4 class=\"item-title h6\">CIRURGIA DE SUPORT A LA ENDOD\u00d2NCIA: APICECTOMIA<\/h4>\t\t\t\t\t\t\t<div class=\"icon-wrap absolute simple\">\r\n\t\t\t\t\t<span class=\"sow-icon-fontawesome sow-fas\" data-sow-icon=\"&#xf061;\"\n\t\tstyle=\"color: #3c6137\" \n\t\taria-hidden=\"true\"><\/span>\t\t\t\t\t\t\t\t\t<\/div>\r\n\t\t\t\r\n\t\t\t\t\t\t\r\n\r\n\t\t\t\r\n\t\t<\/div>\r\n\t\r\n\t\t\r\n\t\t\r\n\t\t\t\t\r\n\t\t\r\n\t\t<div class=\"icon-box-wrap clearfix col-lg-12 col-sm-12 no_desc vertical-center text-dark\" style=\"margin-bottom:36px;\">\t\t\r\n\r\n\t\t\t<h4 class=\"item-title h6\">CIRURGIA DE SUPORT A LA ORTOD\u00d2NCIA: FRENECTOMIA I FENESTRACI\u00d3<\/h4>\t\t\t\t\t\t\t<div class=\"icon-wrap absolute simple\">\r\n\t\t\t\t\t<span class=\"sow-icon-fontawesome sow-fas\" data-sow-icon=\"&#xf061;\"\n\t\tstyle=\"color: #3c6137\" \n\t\taria-hidden=\"true\"><\/span>\t\t\t\t\t\t\t\t\t<\/div>\r\n\t\t\t\r\n\t\t\t\t\t\t\r\n\r\n\t\t\t\r\n\t\t<\/div>\r\n\t\r\n\t\t\r\n\t\t\r\n\t\t\t\t\r\n\t\t\r\n\t\t<div class=\"icon-box-wrap clearfix col-lg-12 col-sm-12 no_desc vertical-center text-dark\" style=\"margin-bottom:36px;\">\t\t\r\n\r\n\t\t\t<h4 class=\"item-title h6\">MICROIMPLANTS<\/h4>\t\t\t\t\t\t\t<div class=\"icon-wrap absolute simple\">\r\n\t\t\t\t\t<span class=\"sow-icon-fontawesome sow-fas\" data-sow-icon=\"&#xf061;\"\n\t\tstyle=\"color: #3c6137\" \n\t\taria-hidden=\"true\"><\/span>\t\t\t\t\t\t\t\t\t<\/div>\r\n\t\t\t\r\n\t\t\t\t\t\t\r\n\r\n\t\t\t\r\n\t\t<\/div>\r\n\t\r\n<\/div><\/div><\/div><\/div><div id=\"panel-13703-2-1-2\" class=\"so-panel widget widget_orion_empty_space_w panel-last-child\" data-index=\"13\" ><div class=\"orion default panel-widget-style panel-widget-style-for-13703-2-1-2\" ><div\n\t\t\t\n\t\t\tclass=\"so-widget-orion_empty_space_w so-widget-orion_empty_space_w-base\"\n\t\t\t\n\t\t>\t<div class=\"row empty-space visible-lg visible-md visible-sm visible-xs\" style=\"height:30px;\">\r\n\t<\/div><\/div><\/div><\/div><\/div><\/div><\/div><\/div><div id=\"pg-13703-3\"  class=\"panel-grid panel-has-style\" ><div class=\"divider-no-animation tablet-default mobile-1-in-row desktop-default panel-row-style panel-row-style-for-13703-3\" ><div id=\"pgc-13703-3-0\"  class=\"panel-grid-cell\" ><div id=\"panel-13703-3-0-0\" class=\"so-panel widget widget_orion_empty_space_w panel-first-child panel-last-child\" data-index=\"14\" ><div class=\"orion default panel-widget-style panel-widget-style-for-13703-3-0-0\" ><div\n\t\t\t\n\t\t\tclass=\"so-widget-orion_empty_space_w so-widget-orion_empty_space_w-base\"\n\t\t\t\n\t\t>\t<div class=\"row empty-space visible-lg visible-md visible-sm visible-xs\" style=\"height:50px;\">\r\n\t<\/div><\/div><\/div><\/div><\/div><\/div><\/div><div id=\"pg-13703-4\"  class=\"panel-grid panel-has-style\" ><div class=\"fixed-bg siteorigin-panels-stretch orion-separator top-svg-2 top-svg-inside divider-no-animation tablet-default mobile-1-in-row desktop-default overlay-c2-c1 panel-row-style panel-row-style-for-13703-4\" data-stretch-type=\"full-stretched\" ><div id=\"pgc-13703-4-0\"  class=\"panel-grid-cell\" ><div class=\"panel-cell-style panel-cell-style-for-13703-4-0\" ><div id=\"panel-13703-4-0-0\" class=\"so-panel widget widget_orion_icon_text_w panel-first-child\" data-index=\"15\" ><div class=\"orion default panel-widget-style panel-widget-style-for-13703-4-0-0\" ><div\n\t\t\t\n\t\t\tclass=\"so-widget-orion_icon_text_w so-widget-orion_icon_text_w-base\"\n\t\t\t\n\t\t>\r\n<div class=\"row icon-box-items-wrap grid icon-top\">\r\n \r\n\t\r\n\t\t\r\n\t\t\r\n\t\t\t\t\r\n\t\t\r\n\t\t<div class=\"icon-box-wrap clearfix col-lg-12 col-sm-12 no_desc vertical-center text-center text-light\" style=\"margin-bottom:0px;\">\t\t\r\n\r\n\t\t\t\t\t\t\t\t\t\t<div class=\"icon-wrap relative text-center simple\">\r\n\t\t\t\t\t<span class=\"sow-icon-dentalicons2\" data-sow-icon=\"&#xe908;\"\n\t\tstyle=\"color: #fff\" \n\t\taria-hidden=\"true\"><\/span>\t\t\t\t\t\t\t\t\t<\/div>\r\n\t\t\t\r\n\t\t\t\t\t\t\r\n\r\n\t\t\t\r\n\t\t<\/div>\r\n\t\r\n<\/div><\/div><\/div><\/div><div id=\"panel-13703-4-0-1\" class=\"so-panel widget widget_orion_heading_w\" data-index=\"16\" ><div class=\"orion default panel-widget-style panel-widget-style-for-13703-4-0-1\" ><div\n\t\t\t\n\t\t\tclass=\"so-widget-orion_heading_w so-widget-orion_heading_w-base\"\n\t\t\t\n\t\t> \r\n\t\t\t<div class=\"row orion-heading\" style=\"margin-bottom:0px;\">\r\n\t\t<div class=\"col-md-12  separator-style-1 text-center style-h3 style-text-light\">\r\n\t\t\t<h3 class=\"text-light text-uppercase\">\r\n\t\t\t\t<strong>T'esperem!<\/strong>\t\t\t<\/h3>\r\n\t\t<\/div>\r\n\t<\/div>\r\n\r\n\t<\/div><\/div><\/div><div id=\"panel-13703-4-0-2\" class=\"so-panel widget widget_sow-editor\" data-index=\"17\" ><div class=\"orion text-light panel-widget-style panel-widget-style-for-13703-4-0-2\" ><div\n\t\t\t\n\t\t\tclass=\"so-widget-sow-editor so-widget-sow-editor-base\"\n\t\t\t\n\t\t>\n<div class=\"siteorigin-widget-tinymce textwidget\">\n\t<h6 style=\"text-align: center;\">Si necessites ajuda per solucionar qualsevol afecci\u00f3 o problema bucodental<br \/>\nrelacionat amb una cirurgia oral a <a href=\"https:\/\/clinicadentalpenedes.com\/ca\/\">Vilafranca del Pened\u00e8s<\/a>, no dubtis a acudir a visitar-nos.<\/h6>\n<\/div>\n<\/div><\/div><\/div><div id=\"panel-13703-4-0-3\" class=\"so-panel widget widget_orion_empty_space_w\" data-index=\"18\" ><div class=\"orion default panel-widget-style panel-widget-style-for-13703-4-0-3\" ><div\n\t\t\t\n\t\t\tclass=\"so-widget-orion_empty_space_w so-widget-orion_empty_space_w-base\"\n\t\t\t\n\t\t>\t<div class=\"row empty-space visible-lg visible-md visible-sm visible-xs\" style=\"height:24px;\">\r\n\t<\/div><\/div><\/div><\/div><div id=\"panel-13703-4-0-4\" class=\"so-panel widget widget_orion_empty_space_w\" data-index=\"19\" ><div class=\"orion default panel-widget-style panel-widget-style-for-13703-4-0-4\" ><div\n\t\t\t\n\t\t\tclass=\"so-widget-orion_empty_space_w so-widget-orion_empty_space_w-base\"\n\t\t\t\n\t\t>\t<div class=\"row empty-space visible-lg visible-md\" style=\"height:10px;\">\r\n\t<\/div><\/div><\/div><\/div><div id=\"panel-13703-4-0-5\" class=\"so-panel widget widget_orion_button_w panel-last-child\" data-index=\"20\" ><div class=\"orion default panel-widget-style panel-widget-style-for-13703-4-0-5\" ><div\n\t\t\t\n\t\t\tclass=\"so-widget-orion_button_w so-widget-orion_button_w-base\"\n\t\t\t\n\t\t>\t<div class=\"wrapper block\" style=\"text-align:center\">\r\n\r\n\t\t\t<a class=\"btn btn-white icon-left btn-wire btn-lg\"  href=\"https:\/\/clinicadentalpenedes.com\/ca\/contacte\/\"\r\n\t\t\t   \t\t>\r\n\t\t\t<span class=\"sow-icon-genericons\" data-sow-icon=\"&#xf308;\"\n\t\tstyle=\"\" \n\t\taria-hidden=\"true\"><\/span>Demana la teva cita!\t\t\r\n\t\t<\/a>\r\n\t\r\n<\/div>\r\n<\/div><\/div><\/div><\/div><\/div><\/div><\/div><\/div>","protected":false},"excerpt":{"rendered":"<p>A beautiful smile contributes to a better mood, it affects self-esteem, and it allows us to make a good impression on others.<\/p>\n","protected":false},"author":3,"featured_media":0,"parent":0,"menu_order":0,"comment_status":"closed","ping_status":"closed","template":"","meta":{"_monsterinsights_skip_tracking":false,"_monsterinsights_sitenote_active":false,"_monsterinsights_sitenote_note":"","_monsterinsights_sitenote_category":0,"footnotes":""},"yoast_head":"<!-- This site is optimized with the Yoast SEO plugin v24.2 - https:\/\/yoast.com\/wordpress\/plugins\/seo\/ -->\n<title>Cl\u00ednica Dental Pened\u00e8s \u2013 Cirurgia Oral a Vilafranca del Pened\u00e8s<\/title>\n<meta name=\"description\" content=\"Cirurgia Oral a Vilafranca del Pened\u00e8s. A Cl\u00ednica Dental Pened\u00e8s ens encarreguem del diagn\u00f2stic i del tractament quir\u00fargic de certes patologies orals.\" \/>\n<meta name=\"robots\" content=\"index, follow, max-snippet:-1, max-image-preview:large, max-video-preview:-1\" \/>\n<link rel=\"canonical\" href=\"https:\/\/clinicadentalpenedes.com\/ca\/cirurgia-oral\/\" \/>\n<meta property=\"og:locale\" content=\"ca_ES\" \/>\n<meta property=\"og:type\" content=\"article\" \/>\n<meta property=\"og:title\" content=\"Cl\u00ednica Dental Pened\u00e8s \u2013 Cirurgia Oral a Vilafranca del Pened\u00e8s\" \/>\n<meta property=\"og:description\" content=\"Cirurgia Oral a Vilafranca del Pened\u00e8s. A Cl\u00ednica Dental Pened\u00e8s ens encarreguem del diagn\u00f2stic i del tractament quir\u00fargic de certes patologies orals.\" \/>\n<meta property=\"og:url\" content=\"https:\/\/clinicadentalpenedes.com\/ca\/cirurgia-oral\/\" \/>\n<meta property=\"og:site_name\" content=\"Cl\u00ednica Dental Pened\u00e8s\" \/>\n<meta property=\"article:modified_time\" content=\"2023-01-25T13:44:59+00:00\" \/>\n<meta name=\"twitter:card\" content=\"summary_large_image\" \/>\n<meta name=\"twitter:label1\" content=\"Temps estimat de lectura\" \/>\n\t<meta name=\"twitter:data1\" content=\"1 minut\" \/>\n<script type=\"application\/ld+json\" class=\"yoast-schema-graph\">{\"@context\":\"https:\/\/schema.org\",\"@graph\":[{\"@type\":\"WebPage\",\"@id\":\"https:\/\/clinicadentalpenedes.com\/ca\/cirurgia-oral\/\",\"url\":\"https:\/\/clinicadentalpenedes.com\/ca\/cirurgia-oral\/\",\"name\":\"Cl\u00ednica Dental Pened\u00e8s \u2013 Cirurgia Oral a Vilafranca del Pened\u00e8s\",\"isPartOf\":{\"@id\":\"https:\/\/clinicadentalpenedes.com\/#website\"},\"datePublished\":\"2019-05-09T08:17:59+00:00\",\"dateModified\":\"2023-01-25T13:44:59+00:00\",\"description\":\"Cirurgia Oral a Vilafranca del Pened\u00e8s. A Cl\u00ednica Dental Pened\u00e8s ens encarreguem del diagn\u00f2stic i del tractament quir\u00fargic de certes patologies orals.\",\"breadcrumb\":{\"@id\":\"https:\/\/clinicadentalpenedes.com\/ca\/cirurgia-oral\/#breadcrumb\"},\"inLanguage\":\"ca\",\"potentialAction\":[{\"@type\":\"ReadAction\",\"target\":[\"https:\/\/clinicadentalpenedes.com\/ca\/cirurgia-oral\/\"]}]},{\"@type\":\"BreadcrumbList\",\"@id\":\"https:\/\/clinicadentalpenedes.com\/ca\/cirurgia-oral\/#breadcrumb\",\"itemListElement\":[{\"@type\":\"ListItem\",\"position\":1,\"name\":\"Portada\",\"item\":\"https:\/\/clinicadentalpenedes.com\/ca\/\"},{\"@type\":\"ListItem\",\"position\":2,\"name\":\"Cirurgia Oral\"}]},{\"@type\":\"WebSite\",\"@id\":\"https:\/\/clinicadentalpenedes.com\/#website\",\"url\":\"https:\/\/clinicadentalpenedes.com\/\",\"name\":\"Cl\u00ednica Dental Pened\u00e8s\",\"description\":\"Cl\u00ednica Dental en Vilafranca del Pened\u00e8s\",\"potentialAction\":[{\"@type\":\"SearchAction\",\"target\":{\"@type\":\"EntryPoint\",\"urlTemplate\":\"https:\/\/clinicadentalpenedes.com\/?s={search_term_string}\"},\"query-input\":{\"@type\":\"PropertyValueSpecification\",\"valueRequired\":true,\"valueName\":\"search_term_string\"}}],\"inLanguage\":\"ca\"}]}<\/script>\n<!-- \/ Yoast SEO plugin. -->","yoast_head_json":{"title":"Cl\u00ednica Dental Pened\u00e8s \u2013 Cirurgia Oral a Vilafranca del Pened\u00e8s","description":"Cirurgia Oral a Vilafranca del Pened\u00e8s. A Cl\u00ednica Dental Pened\u00e8s ens encarreguem del diagn\u00f2stic i del tractament quir\u00fargic de certes patologies orals.","robots":{"index":"index","follow":"follow","max-snippet":"max-snippet:-1","max-image-preview":"max-image-preview:large","max-video-preview":"max-video-preview:-1"},"canonical":"https:\/\/clinicadentalpenedes.com\/ca\/cirurgia-oral\/","og_locale":"ca_ES","og_type":"article","og_title":"Cl\u00ednica Dental Pened\u00e8s \u2013 Cirurgia Oral a Vilafranca del Pened\u00e8s","og_description":"Cirurgia Oral a Vilafranca del Pened\u00e8s. A Cl\u00ednica Dental Pened\u00e8s ens encarreguem del diagn\u00f2stic i del tractament quir\u00fargic de certes patologies orals.","og_url":"https:\/\/clinicadentalpenedes.com\/ca\/cirurgia-oral\/","og_site_name":"Cl\u00ednica Dental Pened\u00e8s","article_modified_time":"2023-01-25T13:44:59+00:00","twitter_card":"summary_large_image","twitter_misc":{"Temps estimat de lectura":"1 minut"},"schema":{"@context":"https:\/\/schema.org","@graph":[{"@type":"WebPage","@id":"https:\/\/clinicadentalpenedes.com\/ca\/cirurgia-oral\/","url":"https:\/\/clinicadentalpenedes.com\/ca\/cirurgia-oral\/","name":"Cl\u00ednica Dental Pened\u00e8s \u2013 Cirurgia Oral a Vilafranca del Pened\u00e8s","isPartOf":{"@id":"https:\/\/clinicadentalpenedes.com\/#website"},"datePublished":"2019-05-09T08:17:59+00:00","dateModified":"2023-01-25T13:44:59+00:00","description":"Cirurgia Oral a Vilafranca del Pened\u00e8s. A Cl\u00ednica Dental Pened\u00e8s ens encarreguem del diagn\u00f2stic i del tractament quir\u00fargic de certes patologies orals.","breadcrumb":{"@id":"https:\/\/clinicadentalpenedes.com\/ca\/cirurgia-oral\/#breadcrumb"},"inLanguage":"ca","potentialAction":[{"@type":"ReadAction","target":["https:\/\/clinicadentalpenedes.com\/ca\/cirurgia-oral\/"]}]},{"@type":"BreadcrumbList","@id":"https:\/\/clinicadentalpenedes.com\/ca\/cirurgia-oral\/#breadcrumb","itemListElement":[{"@type":"ListItem","position":1,"name":"Portada","item":"https:\/\/clinicadentalpenedes.com\/ca\/"},{"@type":"ListItem","position":2,"name":"Cirurgia Oral"}]},{"@type":"WebSite","@id":"https:\/\/clinicadentalpenedes.com\/#website","url":"https:\/\/clinicadentalpenedes.com\/","name":"Cl\u00ednica Dental Pened\u00e8s","description":"Cl\u00ednica Dental en Vilafranca del Pened\u00e8s","potentialAction":[{"@type":"SearchAction","target":{"@type":"EntryPoint","urlTemplate":"https:\/\/clinicadentalpenedes.com\/?s={search_term_string}"},"query-input":{"@type":"PropertyValueSpecification","valueRequired":true,"valueName":"search_term_string"}}],"inLanguage":"ca"}]}},"_links":{"self":[{"href":"https:\/\/clinicadentalpenedes.com\/ca\/wp-json\/wp\/v2\/pages\/13703"}],"collection":[{"href":"https:\/\/clinicadentalpenedes.com\/ca\/wp-json\/wp\/v2\/pages"}],"about":[{"href":"https:\/\/clinicadentalpenedes.com\/ca\/wp-json\/wp\/v2\/types\/page"}],"author":[{"embeddable":true,"href":"https:\/\/clinicadentalpenedes.com\/ca\/wp-json\/wp\/v2\/users\/3"}],"replies":[{"embeddable":true,"href":"https:\/\/clinicadentalpenedes.com\/ca\/wp-json\/wp\/v2\/comments?post=13703"}],"version-history":[{"count":2,"href":"https:\/\/clinicadentalpenedes.com\/ca\/wp-json\/wp\/v2\/pages\/13703\/revisions"}],"predecessor-version":[{"id":14201,"href":"https:\/\/clinicadentalpenedes.com\/ca\/wp-json\/wp\/v2\/pages\/13703\/revisions\/14201"}],"wp:attachment":[{"href":"https:\/\/clinicadentalpenedes.com\/ca\/wp-json\/wp\/v2\/media?parent=13703"}],"curies":[{"name":"wp","href":"https:\/\/api.w.org\/{rel}","templated":true}]}}