{"id":13693,"date":"2019-05-07T19:44:54","date_gmt":"2019-05-07T19:44:54","guid":{"rendered":"https:\/\/clinicadentalpenedes.com\/endodoncia\/"},"modified":"2023-01-25T13:33:46","modified_gmt":"2023-01-25T13:33:46","slug":"endodoncia","status":"publish","type":"page","link":"https:\/\/clinicadentalpenedes.com\/ca\/endodoncia\/","title":{"rendered":"Endod\u00f2ncia"},"content":{"rendered":"<div id=\"pl-13693\"  class=\"panel-layout\" ><div id=\"pg-13693-0\"  class=\"panel-grid panel-has-style\" ><div class=\"vertical_down orion-parallax siteorigin-panels-stretch orion-separator bottom-svg-3 bottom-svg-inside divider-no-animation tablet-1-in-row mobile-1-in-row desktop-default overlay-c2-c1 panel-row-style panel-row-style-for-13693-0\" data-stretch-type=\"full\" ><div id=\"pgc-13693-0-0\"  class=\"panel-grid-cell\" ><div id=\"panel-13693-0-0-0\" class=\"so-panel widget widget_orion_heading_w panel-first-child panel-last-child\" data-index=\"0\" ><div class=\"orion mobile-text-center default panel-widget-style panel-widget-style-for-13693-0-0-0\" ><div\n\t\t\t\n\t\t\tclass=\"so-widget-orion_heading_w so-widget-orion_heading_w-base\"\n\t\t\t\n\t\t> \r\n\t\t\t<div class=\"row orion-heading\" style=\"margin-bottom:0px;\">\r\n\t\t<div class=\"col-md-12   text-center style-h1 style-text-light\">\r\n\t\t\t<h1 class=\"text-light\">\r\n\t\t\t\t<strong>El tractament per salvar el teu somriure<\/strong>\t\t\t<\/h1>\r\n\t\t<\/div>\r\n\t<\/div>\r\n\r\n\t<\/div><\/div><\/div><\/div><\/div><\/div><div id=\"pg-13693-1\"  class=\"panel-grid panel-has-style\" ><div class=\"siteorigin-panels-stretch divider-no-animation tablet-default mobile-1-in-row desktop-default panel-row-style panel-row-style-for-13693-1\" data-stretch-type=\"full\" ><div id=\"pgc-13693-1-0\"  class=\"panel-grid-cell\" ><div id=\"panel-13693-1-0-0\" class=\"so-panel widget widget_orion_empty_space_w panel-first-child\" data-index=\"1\" ><div class=\"orion default panel-widget-style panel-widget-style-for-13693-1-0-0\" ><div\n\t\t\t\n\t\t\tclass=\"so-widget-orion_empty_space_w so-widget-orion_empty_space_w-base\"\n\t\t\t\n\t\t>\t<div class=\"row empty-space visible-sm visible-xs\" style=\"height:40px;\">\r\n\t<\/div><\/div><\/div><\/div><div id=\"panel-13693-1-0-1\" class=\"so-panel widget widget_orion_heading_w\" data-index=\"2\" ><div class=\"orion default panel-widget-style panel-widget-style-for-13693-1-0-1\" ><div\n\t\t\t\n\t\t\tclass=\"so-widget-orion_heading_w so-widget-orion_heading_w-base\"\n\t\t\t\n\t\t> \r\n\t\t\t<div class=\"row orion-heading\" style=\"margin-bottom:0px;\">\r\n\t\t<div class=\"col-md-12  separator-style-1 text-left style-h3 style-primary-color\">\r\n\t\t\t<h3 class=\"primary-color text-uppercase\">\r\n\t\t\t\t<strong>Endod\u00f2ncia<\/strong>\t\t\t<\/h3>\r\n\t\t<\/div>\r\n\t<\/div>\r\n\r\n\t<\/div><\/div><\/div><div id=\"panel-13693-1-0-2\" class=\"so-panel widget widget_sow-editor\" data-index=\"3\" ><div class=\"orion default panel-widget-style panel-widget-style-for-13693-1-0-2\" ><div\n\t\t\t\n\t\t\tclass=\"so-widget-sow-editor so-widget-sow-editor-base\"\n\t\t\t\n\t\t>\n<div class=\"siteorigin-widget-tinymce textwidget\">\n\t<p style=\"text-align: justify;\">La endod\u00f2ncia a la nostra <a href=\"https:\/\/clinicadentalpenedes.com\/ca\/\">cl\u00ednica dental a Vilafranca del Pened\u00e8s<\/a> \u00e9s un tractament dental que t\u00e9 com a objectiu principal evitar la p\u00e8rdua de la pe\u00e7a dental. S'utilitza per eliminar, en part o en la seva totalitat, la polpa de la dent, que est\u00e0 constitu\u00eft per un teixit blanc que cont\u00e9 nervis i vasos sanguinis, i segellar el conducte pulpar.<\/p>\n<\/div>\n<\/div><\/div><\/div><div id=\"panel-13693-1-0-3\" class=\"so-panel widget widget_orion_empty_space_w panel-last-child\" data-index=\"4\" ><div class=\"orion default panel-widget-style panel-widget-style-for-13693-1-0-3\" ><div\n\t\t\t\n\t\t\tclass=\"so-widget-orion_empty_space_w so-widget-orion_empty_space_w-base\"\n\t\t\t\n\t\t>\t<div class=\"row empty-space visible-sm visible-xs\" style=\"height:40px;\">\r\n\t<\/div><\/div><\/div><\/div><\/div><\/div><\/div><div id=\"pg-13693-2\"  class=\"panel-grid panel-has-style\" ><div class=\"fixed-bg siteorigin-panels-stretch orion-separator bottom-svg-1 bottom-svg-inside divider-no-animation tablet-default mobile-1-in-row desktop-default overlay-c1-t panel-row-style panel-row-style-for-13693-2\" data-stretch-type=\"full\" data-svg-bottom-color=\"#f8f8f8\" ><div id=\"pgc-13693-2-0\"  class=\"panel-grid-cell\" ><div class=\"panel-cell-style panel-cell-style-for-13693-2-0\" ><div id=\"panel-13693-2-0-0\" class=\"so-panel widget widget_orion_empty_space_w panel-first-child\" data-index=\"5\" ><div class=\"orion default panel-widget-style panel-widget-style-for-13693-2-0-0\" ><div\n\t\t\t\n\t\t\tclass=\"so-widget-orion_empty_space_w so-widget-orion_empty_space_w-base\"\n\t\t\t\n\t\t>\t<div class=\"row empty-space visible-sm visible-xs\" style=\"height:20px;\">\r\n\t<\/div><\/div><\/div><\/div><div id=\"panel-13693-2-0-1\" class=\"so-panel widget widget_orion_image_w\" data-index=\"6\" ><div class=\"orion default panel-widget-style panel-widget-style-for-13693-2-0-1\" ><div\n\t\t\t\n\t\t\tclass=\"so-widget-orion_image_w so-widget-orion_image_w-base\"\n\t\t\t\n\t\t>\r\n<div class=\"image-w relative\">\r\n\r\n\t\t\t\t\t\t\t<div class=\"orion_carousel overlay-none overlay-hover-none\">\r\n\t\t\r\n\t\t\t\t\t<img loading=\"lazy\" decoding=\"async\" width=\"750\" height=\"404\" src=\"https:\/\/clinicadentalpenedes.com\/wp-content\/uploads\/2017\/06\/Destacado_Endodoncia_2-750x404.png\" class=\"attachment-orion_carousel size-orion_carousel\" alt=\"\" \/>\t\t\t<div class=\"overlay\"><\/div>\r\n\t\t\r\n\t\t\t\t\t<\/div>\r\n\t\t\t\r\n\t\r\n\t<div class=\"absolute\">\r\n\t\t<div class=\"hover-desc table-wrap\">\r\n\t\t\t<div class=\"cell-wrap\">\r\n\t\t\t\t<h4 class=\"text-light\"><\/h4>\r\n\t\t\t<\/div>\r\n\t\t<\/div>\r\n\t<\/div>\t\t\t\t\t\r\n<\/div>\r\n\r\n<\/div><\/div><\/div><div id=\"panel-13693-2-0-2\" class=\"so-panel widget widget_orion_empty_space_w\" data-index=\"7\" ><div class=\"orion default panel-widget-style panel-widget-style-for-13693-2-0-2\" ><div\n\t\t\t\n\t\t\tclass=\"so-widget-orion_empty_space_w so-widget-orion_empty_space_w-base\"\n\t\t\t\n\t\t>\t<div class=\"row empty-space visible-sm visible-xs\" style=\"height:20px;\">\r\n\t<\/div><\/div><\/div><\/div><div id=\"panel-13693-2-0-3\" class=\"so-panel widget widget_orion_heading_w\" data-index=\"8\" ><div class=\"orion default panel-widget-style panel-widget-style-for-13693-2-0-3\" ><div\n\t\t\t\n\t\t\tclass=\"so-widget-orion_heading_w so-widget-orion_heading_w-base\"\n\t\t\t\n\t\t> \r\n\t\t\t<div class=\"row orion-heading\" style=\"margin-bottom:0px;\">\r\n\t\t<div class=\"col-md-12   text-left style-h1 style-text-light\">\r\n\t\t\t<h1 class=\"text-light\">\r\n\t\t\t\t<strong>En qu\u00e8 consisteix el tractament d'endod\u00f2ncia?<\/strong>\t\t\t<\/h1>\r\n\t\t<\/div>\r\n\t<\/div>\r\n\r\n\t<\/div><\/div><\/div><div id=\"panel-13693-2-0-4\" class=\"so-panel widget widget_orion_dividers_w panel-last-child\" data-index=\"9\" ><div class=\"orion default panel-widget-style panel-widget-style-for-13693-2-0-4\" ><div\n\t\t\t\n\t\t\tclass=\"so-widget-orion_dividers_w so-widget-orion_dividers_w-base\"\n\t\t\t\n\t\t>\t<hr style=\"border-top-width:3px; border-top-color:rgba(255,255,255,1); border-style: solid; width: 100%;  margin-top: 0;\"><\/div><\/div><\/div><\/div><\/div><div id=\"pgc-13693-2-1\"  class=\"panel-grid-cell\" ><div class=\"panel-cell-style panel-cell-style-for-13693-2-1\" ><div id=\"panel-13693-2-1-0\" class=\"so-panel widget widget_orion_empty_space_w panel-first-child\" data-index=\"10\" ><div class=\"orion custom default panel-widget-style panel-widget-style-for-13693-2-1-0\" ><div\n\t\t\t\n\t\t\tclass=\"so-widget-orion_empty_space_w so-widget-orion_empty_space_w-base\"\n\t\t\t\n\t\t>\t<div class=\"row empty-space visible-lg visible-md visible-sm visible-xs\" style=\"height:30px;\">\r\n\t<\/div><\/div><\/div><\/div><div id=\"panel-13693-2-1-1\" class=\"so-panel widget widget_orion_icon_text_w\" data-index=\"11\" ><div class=\"orion custom default panel-widget-style panel-widget-style-for-13693-2-1-1\" ><div\n\t\t\t\n\t\t\tclass=\"so-widget-orion_icon_text_w so-widget-orion_icon_text_w-base\"\n\t\t\t\n\t\t>\r\n<div class=\"row icon-box-items-wrap grid short\">\r\n \r\n\t\r\n\t\t\r\n\t\t\r\n\t\t\t\t\r\n\t\t\r\n\t\t<div class=\"icon-box-wrap clearfix col-lg-12 col-sm-12 text-light\" style=\"margin-bottom:36px;\">\t\t\r\n\r\n\t\t\t<h4 class=\"item-title h6\">S'ANEST\u00c8SIA LA ZONA AFECTADA<\/h4>\t\t\t\t\t\t\t<div class=\"icon-wrap absolute square\">\r\n\t\t\t\t\t<span class=\"sow-icon-fontawesome sow-fas\" data-sow-icon=\"&#xf061;\"\n\t\tstyle=\"color: #ffffff; background-color: #3c6137\" \n\t\taria-hidden=\"true\"><\/span>\t\t\t\t\t\t\t\t\t<\/div>\r\n\t\t\t\r\n\t\t\t\t\t\t\r\n\r\n\t\t\t\t\t\t<span class=\"description\"><p style=\"text-align: justify\">L'endod\u00f2ncia a Vilafranca del Pened\u00e8s se sol realitzar per mitj\u00e0 d'anest\u00e8sia.<\/p><\/span>\r\n\t\t\t\r\n\t\t<\/div>\r\n\t\r\n\t\t\r\n\t\t\r\n\t\t\t\t\r\n\t\t\r\n\t\t<div class=\"icon-box-wrap clearfix col-lg-12 col-sm-12 text-light\" style=\"margin-bottom:36px;\">\t\t\r\n\r\n\t\t\t<h4 class=\"item-title h6\">S'EXTREU LA POLPA DE LA DENT<\/h4>\t\t\t\t\t\t\t<div class=\"icon-wrap absolute square\">\r\n\t\t\t\t\t<span class=\"sow-icon-fontawesome sow-fas\" data-sow-icon=\"&#xf061;\"\n\t\tstyle=\"color: #ffffff; background-color: #3c6137\" \n\t\taria-hidden=\"true\"><\/span>\t\t\t\t\t\t\t\t\t<\/div>\r\n\t\t\t\r\n\t\t\t\t\t\t\r\n\r\n\t\t\t\t\t\t<span class=\"description\"><p style=\"text-align: justify\">Posteriorment, es fa una incisi\u00f3 a la corona de la dent per aix\u00ed poder tenir acc\u00e9s a la polpa i extreure-la.<\/p><\/span>\r\n\t\t\t\r\n\t\t<\/div>\r\n\t\r\n\t\t\r\n\t\t\r\n\t\t\t\t\r\n\t\t\r\n\t\t<div class=\"icon-box-wrap clearfix col-lg-12 col-sm-12 text-light\" style=\"margin-bottom:36px;\">\t\t\r\n\r\n\t\t\t<h4 class=\"item-title h6\">ES NETEJA EL CONDUCTE<\/h4>\t\t\t\t\t\t\t<div class=\"icon-wrap absolute square\">\r\n\t\t\t\t\t<span class=\"sow-icon-fontawesome sow-fas\" data-sow-icon=\"&#xf061;\"\n\t\tstyle=\"color: #ffffff; background-color: #3c6137\" \n\t\taria-hidden=\"true\"><\/span>\t\t\t\t\t\t\t\t\t<\/div>\r\n\t\t\t\r\n\t\t\t\t\t\t\r\n\r\n\t\t\t\t\t\t<span class=\"description\"><p style=\"text-align: justify\">Despr\u00e9s d'aquest proc\u00e9s, es realitza la neteja del conducte abans de procedir a la seva obturaci\u00f3 i segellat.<\/p><\/span>\r\n\t\t\t\r\n\t\t<\/div>\r\n\t\r\n<\/div><\/div><\/div><\/div><div id=\"panel-13693-2-1-2\" class=\"so-panel widget widget_orion_empty_space_w panel-last-child\" data-index=\"12\" ><div class=\"orion custom default panel-widget-style panel-widget-style-for-13693-2-1-2\" ><div\n\t\t\t\n\t\t\tclass=\"so-widget-orion_empty_space_w so-widget-orion_empty_space_w-base\"\n\t\t\t\n\t\t>\t<div class=\"row empty-space visible-lg visible-md\" style=\"height:30px;\">\r\n\t<\/div><\/div><\/div><\/div><\/div><\/div><\/div><\/div><div id=\"pg-13693-3\"  class=\"panel-grid panel-has-style\" ><div class=\"siteorigin-panels-stretch divider-no-animation tablet-default mobile-1-in-row desktop-default panel-row-style panel-row-style-for-13693-3\" data-stretch-type=\"full\" ><div id=\"pgc-13693-3-0\"  class=\"panel-grid-cell\" ><div id=\"panel-13693-3-0-0\" class=\"so-panel widget widget_orion_empty_space_w panel-first-child\" data-index=\"13\" ><div class=\"orion default panel-widget-style panel-widget-style-for-13693-3-0-0\" ><div\n\t\t\t\n\t\t\tclass=\"so-widget-orion_empty_space_w so-widget-orion_empty_space_w-base\"\n\t\t\t\n\t\t>\t<div class=\"row empty-space visible-xs\" style=\"height:40px;\">\r\n\t<\/div><\/div><\/div><\/div><div id=\"panel-13693-3-0-1\" class=\"so-panel widget widget_orion_heading_w panel-last-child\" data-index=\"14\" ><div class=\"orion default panel-widget-style panel-widget-style-for-13693-3-0-1\" ><div\n\t\t\t\n\t\t\tclass=\"so-widget-orion_heading_w so-widget-orion_heading_w-base\"\n\t\t\t\n\t\t> \r\n\t\t\t<div class=\"row orion-heading\" style=\"margin-bottom:0px;\">\r\n\t\t<div class=\"col-md-12  separator-style-1 text-center style-h3 style-primary-color\">\r\n\t\t\t<h3 class=\"primary-color text-uppercase\">\r\n\t\t\t\t<strong>Quan \u00e9s necess\u00e0ria l'endod\u00f2ncia?<\/strong>\t\t\t<\/h3>\r\n\t\t<\/div>\r\n\t<\/div>\r\n\r\n\t<\/div><\/div><\/div><\/div><\/div><\/div><div id=\"pg-13693-4\"  class=\"panel-grid panel-has-style\" ><div class=\"siteorigin-panels-stretch orion-separator bottom-svg-1 bottom-svg-outside divider-no-animation tablet-default mobile-1-in-row desktop-default panel-row-style panel-row-style-for-13693-4\" data-stretch-type=\"full\" data-svg-bottom-color=\"#f8f8f8\" ><div id=\"pgc-13693-4-0\"  class=\"panel-grid-cell panel-grid-cell-empty\" ><\/div><div id=\"pgc-13693-4-1\"  class=\"panel-grid-cell panel-grid-cell-mobile-last\" ><div id=\"panel-13693-4-1-0\" class=\"so-panel widget widget_sow-editor panel-first-child panel-last-child\" data-index=\"15\" ><div class=\"orion default panel-widget-style panel-widget-style-for-13693-4-1-0\" ><div\n\t\t\t\n\t\t\tclass=\"so-widget-sow-editor so-widget-sow-editor-base\"\n\t\t\t\n\t\t>\n<div class=\"siteorigin-widget-tinymce textwidget\">\n\t<p style=\"text-align: justify;\">Si es deixa cr\u00e9ixer la c\u00e0ries i s'acosta a la polpa dental (\"nervi\"), es produeix una inflamaci\u00f3 que crea el t\u00edpic dolor continu que nom\u00e9s es calma amb medicaci\u00f3..<\/p>\n<p style=\"text-align: justify;\">En aquesta circumst\u00e0ncia, si volem salvar la pe\u00e7a dental, hem de rec\u00f3rrer a l'endod\u00f2ncia (\"matar el nervi\"). <strong>Aquest tractament t\u00e9 un percentatge d'\u00e8xit del 90%<\/strong>.<\/p>\n<p style=\"text-align: justify;\">Malauradament, en algunes ocasions els conductes on hi ha el nervi tenen formes anat\u00f2miques tan complexes que es pot produir el frac\u00e0s del tractament. Llavors no queda m\u00e9s remei que extreure la pe\u00e7a i substituir-la per un pont o un <a href=\"https:\/\/clinicadentalpenedes.com\/ca\/implantes-dentales\/\">implant<\/a>.<\/p>\n<\/div>\n<\/div><\/div><\/div><\/div><div id=\"pgc-13693-4-2\"  class=\"panel-grid-cell panel-grid-cell-empty\" ><\/div><\/div><\/div><div id=\"pg-13693-5\"  class=\"panel-grid panel-has-style\" ><div class=\"siteorigin-panels-stretch divider-no-animation tablet-default mobile-1-in-row desktop-default panel-row-style panel-row-style-for-13693-5\" data-stretch-type=\"full-stretched\" ><div id=\"pgc-13693-5-0\"  class=\"panel-grid-cell\" ><div id=\"panel-13693-5-0-0\" class=\"so-panel widget widget_orion_empty_space_w panel-first-child panel-last-child\" data-index=\"16\" ><div class=\"orion default panel-widget-style panel-widget-style-for-13693-5-0-0\" ><div\n\t\t\t\n\t\t\tclass=\"so-widget-orion_empty_space_w so-widget-orion_empty_space_w-base\"\n\t\t\t\n\t\t>\t<div class=\"row empty-space visible-lg visible-md visible-sm visible-xs\" style=\"height:60px;\">\r\n\t<\/div><\/div><\/div><\/div><\/div><\/div><\/div><div id=\"pg-13693-6\"  class=\"panel-grid panel-has-style\" ><div class=\"fixed-bg siteorigin-panels-stretch orion-separator top-svg-2 top-svg-inside divider-no-animation tablet-default mobile-1-in-row desktop-default overlay-c2-c1 panel-row-style panel-row-style-for-13693-6\" data-stretch-type=\"full-stretched\" data-svg-top-color=\"#f8f8f8\" ><div id=\"pgc-13693-6-0\"  class=\"panel-grid-cell\" ><div class=\"panel-cell-style panel-cell-style-for-13693-6-0\" ><div id=\"panel-13693-6-0-0\" class=\"so-panel widget widget_orion_icon_text_w panel-first-child\" data-index=\"17\" ><div class=\"orion default panel-widget-style panel-widget-style-for-13693-6-0-0\" ><div\n\t\t\t\n\t\t\tclass=\"so-widget-orion_icon_text_w so-widget-orion_icon_text_w-base\"\n\t\t\t\n\t\t>\r\n<div class=\"row icon-box-items-wrap grid icon-top\">\r\n \r\n\t\r\n\t\t\r\n\t\t\r\n\t\t\t\t\r\n\t\t\r\n\t\t<div class=\"icon-box-wrap clearfix col-lg-12 col-sm-12 no_desc vertical-center text-center text-light\" style=\"margin-bottom:0px;\">\t\t\r\n\r\n\t\t\t\t\t\t\t\t\t\t<div class=\"icon-wrap relative text-center simple\">\r\n\t\t\t\t\t<span class=\"sow-icon-dentalicons2\" data-sow-icon=\"&#xe908;\"\n\t\tstyle=\"color: #fff\" \n\t\taria-hidden=\"true\"><\/span>\t\t\t\t\t\t\t\t\t<\/div>\r\n\t\t\t\r\n\t\t\t\t\t\t\r\n\r\n\t\t\t\r\n\t\t<\/div>\r\n\t\r\n<\/div><\/div><\/div><\/div><div id=\"panel-13693-6-0-1\" class=\"so-panel widget widget_orion_heading_w\" data-index=\"18\" ><div class=\"orion default panel-widget-style panel-widget-style-for-13693-6-0-1\" ><div\n\t\t\t\n\t\t\tclass=\"so-widget-orion_heading_w so-widget-orion_heading_w-base\"\n\t\t\t\n\t\t> \r\n\t\t\t<div class=\"row orion-heading\" style=\"margin-bottom:0px;\">\r\n\t\t<div class=\"col-md-12  separator-style-1 text-center style-h3 style-text-light\">\r\n\t\t\t<h3 class=\"text-light text-uppercase\">\r\n\t\t\t\t<strong>Vine a visitar-nos!<\/strong>\t\t\t<\/h3>\r\n\t\t<\/div>\r\n\t<\/div>\r\n\r\n\t<\/div><\/div><\/div><div id=\"panel-13693-6-0-2\" class=\"so-panel widget widget_sow-editor\" data-index=\"19\" ><div class=\"orion text-light panel-widget-style panel-widget-style-for-13693-6-0-2\" ><div\n\t\t\t\n\t\t\tclass=\"so-widget-sow-editor so-widget-sow-editor-base\"\n\t\t\t\n\t\t>\n<div class=\"siteorigin-widget-tinymce textwidget\">\n\t<h6 style=\"text-align: center;\">Si tens algun dolor dental demana cita amb el Dr. Ferre<br \/>\ni els seus experts a Cl\u00ednica Dental Pened\u00e8s!<\/h6>\n<\/div>\n<\/div><\/div><\/div><div id=\"panel-13693-6-0-3\" class=\"so-panel widget widget_orion_empty_space_w\" data-index=\"20\" ><div class=\"orion default panel-widget-style panel-widget-style-for-13693-6-0-3\" ><div\n\t\t\t\n\t\t\tclass=\"so-widget-orion_empty_space_w so-widget-orion_empty_space_w-base\"\n\t\t\t\n\t\t>\t<div class=\"row empty-space visible-lg visible-md visible-sm visible-xs\" style=\"height:24px;\">\r\n\t<\/div><\/div><\/div><\/div><div id=\"panel-13693-6-0-4\" class=\"so-panel widget widget_orion_empty_space_w\" data-index=\"21\" ><div class=\"orion default panel-widget-style panel-widget-style-for-13693-6-0-4\" ><div\n\t\t\t\n\t\t\tclass=\"so-widget-orion_empty_space_w so-widget-orion_empty_space_w-base\"\n\t\t\t\n\t\t>\t<div class=\"row empty-space visible-lg visible-md\" style=\"height:10px;\">\r\n\t<\/div><\/div><\/div><\/div><div id=\"panel-13693-6-0-5\" class=\"so-panel widget widget_orion_button_w panel-last-child\" data-index=\"22\" ><div class=\"orion default panel-widget-style panel-widget-style-for-13693-6-0-5\" ><div\n\t\t\t\n\t\t\tclass=\"so-widget-orion_button_w so-widget-orion_button_w-base\"\n\t\t\t\n\t\t>\t<div class=\"wrapper block\" style=\"text-align:center\">\r\n\r\n\t\t\t<a class=\"btn btn-white icon-left btn-wire btn-lg\"  href=\"https:\/\/clinicadentalpenedes.com\/ca\/contacte\/\"\r\n\t\t\t   \t\t>\r\n\t\t\t<span class=\"sow-icon-genericons\" data-sow-icon=\"&#xf308;\"\n\t\tstyle=\"\" \n\t\taria-hidden=\"true\"><\/span>Demana la teva cita!\t\t\r\n\t\t<\/a>\r\n\t\r\n<\/div>\r\n<\/div><\/div><\/div><\/div><\/div><\/div><\/div><\/div>","protected":false},"excerpt":{"rendered":"<p>La endod\u00f2ncia a la nostra cl\u00ednica dental a Vilafranca del Pened\u00e8s \u00e9s un tractament dental que t\u00e9 com a objectiu principal evitar la p\u00e8rdua de la pe\u00e7a dental. S&#8217;utilitza per eliminar, en part o en la seva totalitat, la polpa de la dent, que est\u00e0 constitu\u00eft per un teixit blanc que cont\u00e9 nervis i vasos<\/p>\n","protected":false},"author":3,"featured_media":0,"parent":0,"menu_order":0,"comment_status":"closed","ping_status":"closed","template":"","meta":{"_monsterinsights_skip_tracking":false,"_monsterinsights_sitenote_active":false,"_monsterinsights_sitenote_note":"","_monsterinsights_sitenote_category":0,"footnotes":""},"yoast_head":"<!-- This site is optimized with the Yoast SEO plugin v24.2 - https:\/\/yoast.com\/wordpress\/plugins\/seo\/ -->\n<title>Cl\u00ednica Dental Pened\u00e8s \u2013 Endod\u00f2ncia a Vilafranca del Pened\u00e8s<\/title>\n<meta name=\"description\" content=\"L&#039;endod\u00f2ncia a la nostra cl\u00ednica dental a Vilafranca del Pened\u00e8s \u00e9s un tractament dental que s&#039;utilitza per eliminar, en part o en la seva totalitat, la polpa de la dent i segellar el conducte pulpar.\" \/>\n<meta name=\"robots\" content=\"index, follow, max-snippet:-1, max-image-preview:large, max-video-preview:-1\" \/>\n<link rel=\"canonical\" href=\"https:\/\/clinicadentalpenedes.com\/ca\/endodoncia\/\" \/>\n<meta property=\"og:locale\" content=\"ca_ES\" \/>\n<meta property=\"og:type\" content=\"article\" \/>\n<meta property=\"og:title\" content=\"Cl\u00ednica Dental Pened\u00e8s \u2013 Endod\u00f2ncia a Vilafranca del Pened\u00e8s\" \/>\n<meta property=\"og:description\" content=\"L&#039;endod\u00f2ncia a la nostra cl\u00ednica dental a Vilafranca del Pened\u00e8s \u00e9s un tractament dental que s&#039;utilitza per eliminar, en part o en la seva totalitat, la polpa de la dent i segellar el conducte pulpar.\" \/>\n<meta property=\"og:url\" content=\"https:\/\/clinicadentalpenedes.com\/ca\/endodoncia\/\" \/>\n<meta property=\"og:site_name\" content=\"Cl\u00ednica Dental Pened\u00e8s\" \/>\n<meta property=\"article:modified_time\" content=\"2023-01-25T13:33:46+00:00\" \/>\n<meta name=\"twitter:card\" content=\"summary_large_image\" \/>\n<meta name=\"twitter:label1\" content=\"Temps estimat de lectura\" \/>\n\t<meta name=\"twitter:data1\" content=\"2 minuts\" \/>\n<script type=\"application\/ld+json\" class=\"yoast-schema-graph\">{\"@context\":\"https:\/\/schema.org\",\"@graph\":[{\"@type\":\"WebPage\",\"@id\":\"https:\/\/clinicadentalpenedes.com\/ca\/endodoncia\/\",\"url\":\"https:\/\/clinicadentalpenedes.com\/ca\/endodoncia\/\",\"name\":\"Cl\u00ednica Dental Pened\u00e8s \u2013 Endod\u00f2ncia a Vilafranca del Pened\u00e8s\",\"isPartOf\":{\"@id\":\"https:\/\/clinicadentalpenedes.com\/#website\"},\"datePublished\":\"2019-05-07T19:44:54+00:00\",\"dateModified\":\"2023-01-25T13:33:46+00:00\",\"description\":\"L'endod\u00f2ncia a la nostra cl\u00ednica dental a Vilafranca del Pened\u00e8s \u00e9s un tractament dental que s'utilitza per eliminar, en part o en la seva totalitat, la polpa de la dent i segellar el conducte pulpar.\",\"breadcrumb\":{\"@id\":\"https:\/\/clinicadentalpenedes.com\/ca\/endodoncia\/#breadcrumb\"},\"inLanguage\":\"ca\",\"potentialAction\":[{\"@type\":\"ReadAction\",\"target\":[\"https:\/\/clinicadentalpenedes.com\/ca\/endodoncia\/\"]}]},{\"@type\":\"BreadcrumbList\",\"@id\":\"https:\/\/clinicadentalpenedes.com\/ca\/endodoncia\/#breadcrumb\",\"itemListElement\":[{\"@type\":\"ListItem\",\"position\":1,\"name\":\"Portada\",\"item\":\"https:\/\/clinicadentalpenedes.com\/ca\/\"},{\"@type\":\"ListItem\",\"position\":2,\"name\":\"Endod\u00f2ncia\"}]},{\"@type\":\"WebSite\",\"@id\":\"https:\/\/clinicadentalpenedes.com\/#website\",\"url\":\"https:\/\/clinicadentalpenedes.com\/\",\"name\":\"Cl\u00ednica Dental Pened\u00e8s\",\"description\":\"Cl\u00ednica Dental en Vilafranca del Pened\u00e8s\",\"potentialAction\":[{\"@type\":\"SearchAction\",\"target\":{\"@type\":\"EntryPoint\",\"urlTemplate\":\"https:\/\/clinicadentalpenedes.com\/?s={search_term_string}\"},\"query-input\":{\"@type\":\"PropertyValueSpecification\",\"valueRequired\":true,\"valueName\":\"search_term_string\"}}],\"inLanguage\":\"ca\"}]}<\/script>\n<!-- \/ Yoast SEO plugin. -->","yoast_head_json":{"title":"Cl\u00ednica Dental Pened\u00e8s \u2013 Endod\u00f2ncia a Vilafranca del Pened\u00e8s","description":"L'endod\u00f2ncia a la nostra cl\u00ednica dental a Vilafranca del Pened\u00e8s \u00e9s un tractament dental que s'utilitza per eliminar, en part o en la seva totalitat, la polpa de la dent i segellar el conducte pulpar.","robots":{"index":"index","follow":"follow","max-snippet":"max-snippet:-1","max-image-preview":"max-image-preview:large","max-video-preview":"max-video-preview:-1"},"canonical":"https:\/\/clinicadentalpenedes.com\/ca\/endodoncia\/","og_locale":"ca_ES","og_type":"article","og_title":"Cl\u00ednica Dental Pened\u00e8s \u2013 Endod\u00f2ncia a Vilafranca del Pened\u00e8s","og_description":"L'endod\u00f2ncia a la nostra cl\u00ednica dental a Vilafranca del Pened\u00e8s \u00e9s un tractament dental que s'utilitza per eliminar, en part o en la seva totalitat, la polpa de la dent i segellar el conducte pulpar.","og_url":"https:\/\/clinicadentalpenedes.com\/ca\/endodoncia\/","og_site_name":"Cl\u00ednica Dental Pened\u00e8s","article_modified_time":"2023-01-25T13:33:46+00:00","twitter_card":"summary_large_image","twitter_misc":{"Temps estimat de lectura":"2 minuts"},"schema":{"@context":"https:\/\/schema.org","@graph":[{"@type":"WebPage","@id":"https:\/\/clinicadentalpenedes.com\/ca\/endodoncia\/","url":"https:\/\/clinicadentalpenedes.com\/ca\/endodoncia\/","name":"Cl\u00ednica Dental Pened\u00e8s \u2013 Endod\u00f2ncia a Vilafranca del Pened\u00e8s","isPartOf":{"@id":"https:\/\/clinicadentalpenedes.com\/#website"},"datePublished":"2019-05-07T19:44:54+00:00","dateModified":"2023-01-25T13:33:46+00:00","description":"L'endod\u00f2ncia a la nostra cl\u00ednica dental a Vilafranca del Pened\u00e8s \u00e9s un tractament dental que s'utilitza per eliminar, en part o en la seva totalitat, la polpa de la dent i segellar el conducte pulpar.","breadcrumb":{"@id":"https:\/\/clinicadentalpenedes.com\/ca\/endodoncia\/#breadcrumb"},"inLanguage":"ca","potentialAction":[{"@type":"ReadAction","target":["https:\/\/clinicadentalpenedes.com\/ca\/endodoncia\/"]}]},{"@type":"BreadcrumbList","@id":"https:\/\/clinicadentalpenedes.com\/ca\/endodoncia\/#breadcrumb","itemListElement":[{"@type":"ListItem","position":1,"name":"Portada","item":"https:\/\/clinicadentalpenedes.com\/ca\/"},{"@type":"ListItem","position":2,"name":"Endod\u00f2ncia"}]},{"@type":"WebSite","@id":"https:\/\/clinicadentalpenedes.com\/#website","url":"https:\/\/clinicadentalpenedes.com\/","name":"Cl\u00ednica Dental Pened\u00e8s","description":"Cl\u00ednica Dental en Vilafranca del Pened\u00e8s","potentialAction":[{"@type":"SearchAction","target":{"@type":"EntryPoint","urlTemplate":"https:\/\/clinicadentalpenedes.com\/?s={search_term_string}"},"query-input":{"@type":"PropertyValueSpecification","valueRequired":true,"valueName":"search_term_string"}}],"inLanguage":"ca"}]}},"_links":{"self":[{"href":"https:\/\/clinicadentalpenedes.com\/ca\/wp-json\/wp\/v2\/pages\/13693"}],"collection":[{"href":"https:\/\/clinicadentalpenedes.com\/ca\/wp-json\/wp\/v2\/pages"}],"about":[{"href":"https:\/\/clinicadentalpenedes.com\/ca\/wp-json\/wp\/v2\/types\/page"}],"author":[{"embeddable":true,"href":"https:\/\/clinicadentalpenedes.com\/ca\/wp-json\/wp\/v2\/users\/3"}],"replies":[{"embeddable":true,"href":"https:\/\/clinicadentalpenedes.com\/ca\/wp-json\/wp\/v2\/comments?post=13693"}],"version-history":[{"count":2,"href":"https:\/\/clinicadentalpenedes.com\/ca\/wp-json\/wp\/v2\/pages\/13693\/revisions"}],"predecessor-version":[{"id":14193,"href":"https:\/\/clinicadentalpenedes.com\/ca\/wp-json\/wp\/v2\/pages\/13693\/revisions\/14193"}],"wp:attachment":[{"href":"https:\/\/clinicadentalpenedes.com\/ca\/wp-json\/wp\/v2\/media?parent=13693"}],"curies":[{"name":"wp","href":"https:\/\/api.w.org\/{rel}","templated":true}]}}