{"id":11367,"date":"2017-05-18T07:40:56","date_gmt":"2017-05-18T07:40:56","guid":{"rendered":"https:\/\/clinicadentalpenedes.com\/error-404\/"},"modified":"2019-04-23T17:34:03","modified_gmt":"2019-04-23T17:34:03","slug":"error-404","status":"publish","type":"page","link":"https:\/\/clinicadentalpenedes.com\/ca\/error-404\/","title":{"rendered":"404 P\u00e0gina d&#8217;Error"},"content":{"rendered":"<div id=\"pl-11367\"  class=\"panel-layout\" ><div id=\"pg-11367-0\"  class=\"panel-grid panel-has-style\" ><div class=\"siteorigin-panels-stretch divider-no-animation tablet-default mobile-1-in-row desktop-default full-width-on-small-devices overlay-c1-c2 panel-row-style panel-row-style-for-11367-0\" style=\"background-position: center center; background-repeat: no-repeat; background-size:cover;\" data-stretch-type=\"full\" ><div id=\"pgc-11367-0-0\"  class=\"panel-grid-cell panel-grid-cell-empty\" ><\/div><div id=\"pgc-11367-0-1\"  class=\"panel-grid-cell panel-grid-cell-mobile-last\" ><div class=\"panel-cell-style panel-cell-style-for-11367-0-1\" ><div id=\"panel-11367-0-1-0\" class=\"so-panel widget widget_orion_heading_w panel-first-child\" data-index=\"0\" ><div class=\"orion default panel-widget-style panel-widget-style-for-11367-0-1-0\" ><div\n\t\t\t\n\t\t\tclass=\"so-widget-orion_heading_w so-widget-orion_heading_w-base\"\n\t\t\t\n\t\t> \r\n\t\t\t<div class=\"row orion-heading\" style=\"margin-bottom:0px;\">\r\n\t\t<div class=\"col-md-12  separator-style-2 text-center style-h1 style-primary-color\">\r\n\t\t\t<h1 class=\"primary-color\">\r\n\t\t\t\t<strong>404 Error<\/strong>\t\t\t<\/h1>\r\n\t\t<\/div>\r\n\t<\/div>\r\n\r\n\t<\/div><\/div><\/div><div id=\"panel-11367-0-1-1\" class=\"so-panel widget widget_sow-editor\" data-index=\"1\" ><div class=\"orion default panel-widget-style panel-widget-style-for-11367-0-1-1\" ><div\n\t\t\t\n\t\t\tclass=\"so-widget-sow-editor so-widget-sow-editor-base\"\n\t\t\t\n\t\t>\n<div class=\"siteorigin-widget-tinymce textwidget\">\n\t<p style=\"text-align: center;\">La p\u00e1gina que est\u00e1s buscando no est\u00e1 disponible o no existe.<\/p>\n<\/div>\n<\/div><\/div><\/div><div id=\"panel-11367-0-1-2\" class=\"so-panel widget widget_orion_empty_space_w\" data-index=\"2\" ><div class=\"orion default panel-widget-style panel-widget-style-for-11367-0-1-2\" ><div\n\t\t\t\n\t\t\tclass=\"so-widget-orion_empty_space_w so-widget-orion_empty_space_w-base\"\n\t\t\t\n\t\t>\t<div class=\"row empty-space visible-lg visible-md visible-sm visible-xs\" style=\"height:24px;\">\r\n\t<\/div><\/div><\/div><\/div><div id=\"panel-11367-0-1-3\" class=\"so-panel widget widget_search\" data-index=\"3\" ><div class=\"orion default panel-widget-style panel-widget-style-for-11367-0-1-3\" ><h3 class=\"widget-title\">Puedes probar a realizar una b\u00fasqueda:<\/h3><form class=\"search-form\" method=\"get\" action=\"https:\/\/clinicadentalpenedes.com\/ca\/\">\n    <div class=\"wrap\">\n    \t<label class=\"screen-reader-text\">Search for:<\/label>\n        <input class=\"searchfield\" type=\"text\" value=\"\" placeholder=\"Cercar\" name=\"s\" \/>\n        <input class=\"search-submit\" type=\"submit\" value=\"&#xEA06;\" \/>\n    <\/div>\n<\/form><\/div><\/div><div id=\"panel-11367-0-1-4\" class=\"so-panel widget widget_orion_button_w panel-last-child\" data-index=\"4\" ><div class=\"orion default panel-widget-style panel-widget-style-for-11367-0-1-4\" ><div\n\t\t\t\n\t\t\tclass=\"so-widget-orion_button_w so-widget-orion_button_w-base\"\n\t\t\t\n\t\t>\t<div class=\"wrapper block\" style=\"text-align:center\">\r\n\r\n\t\t\t<a class=\"btn btn-c1 btn-flat btn-md\"  href=\"https:\/\/clinicadentalpenedes.com\/\"\r\n\t\t\t   \t\t>\r\n\t\t\tO volver a la HOME\t\t\r\n\t\t<\/a>\r\n\t\r\n<\/div>\r\n<\/div><\/div><\/div><\/div><\/div><div id=\"pgc-11367-0-2\"  class=\"panel-grid-cell panel-grid-cell-empty\" ><\/div><\/div><\/div><\/div>","protected":false},"excerpt":{"rendered":"<p>La p\u00e1gina que est\u00e1s buscando no est\u00e1 disponible o no existe.<\/p>\n","protected":false},"author":2,"featured_media":0,"parent":0,"menu_order":0,"comment_status":"closed","ping_status":"closed","template":"","meta":{"_monsterinsights_skip_tracking":false,"_monsterinsights_sitenote_active":false,"_monsterinsights_sitenote_note":"","_monsterinsights_sitenote_category":0,"footnotes":""},"yoast_head":"<!-- This site is optimized with the Yoast SEO plugin v24.2 - https:\/\/yoast.com\/wordpress\/plugins\/seo\/ -->\n<title>Cl\u00ednica Dental Gaud\u00ed \u2013 This is an Error page \u2013 Tus dentistas en Terrassa<\/title>\n<meta name=\"description\" content=\"Esta es nuestra p\u00e1gina de error. Puedes realizar una b\u00fasqueda o optar por volver a la p\u00e1gina de inicio. Cl\u00ednica dental Gaud\u00ed, tus dentistas en Terrassa.\" \/>\n<meta name=\"robots\" content=\"index, follow, max-snippet:-1, max-image-preview:large, max-video-preview:-1\" \/>\n<link rel=\"canonical\" href=\"https:\/\/clinicadentalpenedes.com\/ca\/error-404\/\" \/>\n<meta property=\"og:locale\" content=\"ca_ES\" \/>\n<meta property=\"og:type\" content=\"article\" \/>\n<meta property=\"og:title\" content=\"Cl\u00ednica Dental Gaud\u00ed \u2013 This is an Error page \u2013 Tus dentistas en Terrassa\" \/>\n<meta property=\"og:description\" content=\"Esta es nuestra p\u00e1gina de error. Puedes realizar una b\u00fasqueda o optar por volver a la p\u00e1gina de inicio. Cl\u00ednica dental Gaud\u00ed, tus dentistas en Terrassa.\" \/>\n<meta property=\"og:url\" content=\"https:\/\/clinicadentalpenedes.com\/ca\/error-404\/\" \/>\n<meta property=\"og:site_name\" content=\"Cl\u00ednica Dental Pened\u00e8s\" \/>\n<meta property=\"article:modified_time\" content=\"2019-04-23T17:34:03+00:00\" \/>\n<meta name=\"twitter:card\" content=\"summary_large_image\" \/>\n<script type=\"application\/ld+json\" class=\"yoast-schema-graph\">{\"@context\":\"https:\/\/schema.org\",\"@graph\":[{\"@type\":\"WebPage\",\"@id\":\"https:\/\/clinicadentalpenedes.com\/ca\/error-404\/\",\"url\":\"https:\/\/clinicadentalpenedes.com\/ca\/error-404\/\",\"name\":\"Cl\u00ednica Dental Gaud\u00ed \u2013 This is an Error page \u2013 Tus dentistas en Terrassa\",\"isPartOf\":{\"@id\":\"https:\/\/clinicadentalpenedes.com\/#website\"},\"datePublished\":\"2017-05-18T07:40:56+00:00\",\"dateModified\":\"2019-04-23T17:34:03+00:00\",\"description\":\"Esta es nuestra p\u00e1gina de error. Puedes realizar una b\u00fasqueda o optar por volver a la p\u00e1gina de inicio. Cl\u00ednica dental Gaud\u00ed, tus dentistas en Terrassa.\",\"breadcrumb\":{\"@id\":\"https:\/\/clinicadentalpenedes.com\/ca\/error-404\/#breadcrumb\"},\"inLanguage\":\"ca\",\"potentialAction\":[{\"@type\":\"ReadAction\",\"target\":[\"https:\/\/clinicadentalpenedes.com\/ca\/error-404\/\"]}]},{\"@type\":\"BreadcrumbList\",\"@id\":\"https:\/\/clinicadentalpenedes.com\/ca\/error-404\/#breadcrumb\",\"itemListElement\":[{\"@type\":\"ListItem\",\"position\":1,\"name\":\"Portada\",\"item\":\"https:\/\/clinicadentalpenedes.com\/ca\/\"},{\"@type\":\"ListItem\",\"position\":2,\"name\":\"404 P\u00e0gina d&#8217;Error\"}]},{\"@type\":\"WebSite\",\"@id\":\"https:\/\/clinicadentalpenedes.com\/#website\",\"url\":\"https:\/\/clinicadentalpenedes.com\/\",\"name\":\"Cl\u00ednica Dental Pened\u00e8s\",\"description\":\"Cl\u00ednica Dental en Vilafranca del Pened\u00e8s\",\"potentialAction\":[{\"@type\":\"SearchAction\",\"target\":{\"@type\":\"EntryPoint\",\"urlTemplate\":\"https:\/\/clinicadentalpenedes.com\/?s={search_term_string}\"},\"query-input\":{\"@type\":\"PropertyValueSpecification\",\"valueRequired\":true,\"valueName\":\"search_term_string\"}}],\"inLanguage\":\"ca\"}]}<\/script>\n<!-- \/ Yoast SEO plugin. -->","yoast_head_json":{"title":"Cl\u00ednica Dental Gaud\u00ed \u2013 This is an Error page \u2013 Tus dentistas en Terrassa","description":"Esta es nuestra p\u00e1gina de error. Puedes realizar una b\u00fasqueda o optar por volver a la p\u00e1gina de inicio. Cl\u00ednica dental Gaud\u00ed, tus dentistas en Terrassa.","robots":{"index":"index","follow":"follow","max-snippet":"max-snippet:-1","max-image-preview":"max-image-preview:large","max-video-preview":"max-video-preview:-1"},"canonical":"https:\/\/clinicadentalpenedes.com\/ca\/error-404\/","og_locale":"ca_ES","og_type":"article","og_title":"Cl\u00ednica Dental Gaud\u00ed \u2013 This is an Error page \u2013 Tus dentistas en Terrassa","og_description":"Esta es nuestra p\u00e1gina de error. Puedes realizar una b\u00fasqueda o optar por volver a la p\u00e1gina de inicio. Cl\u00ednica dental Gaud\u00ed, tus dentistas en Terrassa.","og_url":"https:\/\/clinicadentalpenedes.com\/ca\/error-404\/","og_site_name":"Cl\u00ednica Dental Pened\u00e8s","article_modified_time":"2019-04-23T17:34:03+00:00","twitter_card":"summary_large_image","schema":{"@context":"https:\/\/schema.org","@graph":[{"@type":"WebPage","@id":"https:\/\/clinicadentalpenedes.com\/ca\/error-404\/","url":"https:\/\/clinicadentalpenedes.com\/ca\/error-404\/","name":"Cl\u00ednica Dental Gaud\u00ed \u2013 This is an Error page \u2013 Tus dentistas en Terrassa","isPartOf":{"@id":"https:\/\/clinicadentalpenedes.com\/#website"},"datePublished":"2017-05-18T07:40:56+00:00","dateModified":"2019-04-23T17:34:03+00:00","description":"Esta es nuestra p\u00e1gina de error. Puedes realizar una b\u00fasqueda o optar por volver a la p\u00e1gina de inicio. Cl\u00ednica dental Gaud\u00ed, tus dentistas en Terrassa.","breadcrumb":{"@id":"https:\/\/clinicadentalpenedes.com\/ca\/error-404\/#breadcrumb"},"inLanguage":"ca","potentialAction":[{"@type":"ReadAction","target":["https:\/\/clinicadentalpenedes.com\/ca\/error-404\/"]}]},{"@type":"BreadcrumbList","@id":"https:\/\/clinicadentalpenedes.com\/ca\/error-404\/#breadcrumb","itemListElement":[{"@type":"ListItem","position":1,"name":"Portada","item":"https:\/\/clinicadentalpenedes.com\/ca\/"},{"@type":"ListItem","position":2,"name":"404 P\u00e0gina d&#8217;Error"}]},{"@type":"WebSite","@id":"https:\/\/clinicadentalpenedes.com\/#website","url":"https:\/\/clinicadentalpenedes.com\/","name":"Cl\u00ednica Dental Pened\u00e8s","description":"Cl\u00ednica Dental en Vilafranca del Pened\u00e8s","potentialAction":[{"@type":"SearchAction","target":{"@type":"EntryPoint","urlTemplate":"https:\/\/clinicadentalpenedes.com\/?s={search_term_string}"},"query-input":{"@type":"PropertyValueSpecification","valueRequired":true,"valueName":"search_term_string"}}],"inLanguage":"ca"}]}},"_links":{"self":[{"href":"https:\/\/clinicadentalpenedes.com\/ca\/wp-json\/wp\/v2\/pages\/11367"}],"collection":[{"href":"https:\/\/clinicadentalpenedes.com\/ca\/wp-json\/wp\/v2\/pages"}],"about":[{"href":"https:\/\/clinicadentalpenedes.com\/ca\/wp-json\/wp\/v2\/types\/page"}],"author":[{"embeddable":true,"href":"https:\/\/clinicadentalpenedes.com\/ca\/wp-json\/wp\/v2\/users\/2"}],"replies":[{"embeddable":true,"href":"https:\/\/clinicadentalpenedes.com\/ca\/wp-json\/wp\/v2\/comments?post=11367"}],"version-history":[{"count":0,"href":"https:\/\/clinicadentalpenedes.com\/ca\/wp-json\/wp\/v2\/pages\/11367\/revisions"}],"wp:attachment":[{"href":"https:\/\/clinicadentalpenedes.com\/ca\/wp-json\/wp\/v2\/media?parent=11367"}],"curies":[{"name":"wp","href":"https:\/\/api.w.org\/{rel}","templated":true}]}}