{"id":11057,"date":"2019-03-27T20:45:44","date_gmt":"2019-03-27T20:45:44","guid":{"rendered":"https:\/\/clinicadentalpenedes.com\/trabaja-con-nosotros\/"},"modified":"2023-07-24T12:46:15","modified_gmt":"2023-07-24T12:46:15","slug":"trabaja-con-nosotros","status":"publish","type":"page","link":"https:\/\/clinicadentalpenedes.com\/ca\/trabaja-con-nosotros\/","title":{"rendered":"Treballa amb nosaltres"},"content":{"rendered":"<div id=\"pl-11057\"  class=\"panel-layout\" ><div id=\"pg-11057-0\"  class=\"panel-grid panel-has-style\" ><div class=\"vertical_down orion-parallax siteorigin-panels-stretch orion-separator bottom-svg-3 bottom-svg-inside divider-no-animation tablet-1-in-row mobile-1-in-row desktop-default overlay-c2-c1 panel-row-style panel-row-style-for-11057-0\" data-stretch-type=\"full\" data-svg-bottom-color=\"#f8f8f8\" ><div id=\"pgc-11057-0-0\"  class=\"panel-grid-cell\" ><div id=\"panel-11057-0-0-0\" class=\"so-panel widget widget_orion_heading_w panel-first-child panel-last-child\" data-index=\"0\" ><div class=\"orion mobile-text-center default panel-widget-style panel-widget-style-for-11057-0-0-0\" ><div\n\t\t\t\n\t\t\tclass=\"so-widget-orion_heading_w so-widget-orion_heading_w-base\"\n\t\t\t\n\t\t> \r\n\t\t\t<div class=\"row orion-heading\" style=\"margin-bottom:0px;\">\r\n\t\t<div class=\"col-md-12   text-center style-h1 style-text-light\">\r\n\t\t\t<h1 class=\"text-light\">\r\n\t\t\t\t<strong>Treballa amb nosaltres<\/strong>\t\t\t<\/h1>\r\n\t\t<\/div>\r\n\t<\/div>\r\n\r\n\t<\/div><\/div><\/div><\/div><\/div><\/div><div id=\"pg-11057-1\"  class=\"panel-grid panel-has-style\" ><div class=\"siteorigin-panels-stretch divider-no-animation tablet-default mobile-1-in-row desktop-default panel-row-style panel-row-style-for-11057-1\" data-stretch-type=\"full\" ><div id=\"pgc-11057-1-0\"  class=\"panel-grid-cell\" ><div id=\"panel-11057-1-0-0\" class=\"so-panel widget widget_orion_empty_space_w panel-first-child panel-last-child\" data-index=\"1\" ><div class=\"orion default panel-widget-style panel-widget-style-for-11057-1-0-0\" ><div\n\t\t\t\n\t\t\tclass=\"so-widget-orion_empty_space_w so-widget-orion_empty_space_w-base\"\n\t\t\t\n\t\t>\t<div class=\"row empty-space visible-lg visible-md visible-sm visible-xs\" style=\"height:24px;\">\r\n\t<\/div><\/div><\/div><\/div><\/div><\/div><\/div><div id=\"pg-11057-2\"  class=\"panel-grid panel-has-style\" ><div class=\"siteorigin-panels-stretch divider-no-animation tablet-default mobile-1-in-row desktop-default panel-row-style panel-row-style-for-11057-2\" data-stretch-type=\"full\" ><div id=\"pgc-11057-2-0\"  class=\"panel-grid-cell panel-grid-cell-empty\" ><\/div><div id=\"pgc-11057-2-1\"  class=\"panel-grid-cell panel-grid-cell-mobile-last\" ><div class=\"panel-cell-style panel-cell-style-for-11057-2-1\" ><div id=\"panel-11057-2-1-0\" class=\"so-panel widget widget_orion_empty_space_w panel-first-child\" data-index=\"2\" ><div class=\"orion default panel-widget-style panel-widget-style-for-11057-2-1-0\" ><div\n\t\t\t\n\t\t\tclass=\"so-widget-orion_empty_space_w so-widget-orion_empty_space_w-base\"\n\t\t\t\n\t\t>\t<div class=\"row empty-space visible-lg visible-md visible-sm visible-xs\" style=\"height:40px;\">\r\n\t<\/div><\/div><\/div><\/div><div id=\"panel-11057-2-1-1\" class=\"so-panel widget widget_sow-image\" data-index=\"3\" ><div class=\"orion default panel-widget-style panel-widget-style-for-11057-2-1-1\" ><div\n\t\t\t\n\t\t\tclass=\"so-widget-sow-image so-widget-sow-image-default-c67d20f9f743-11057\"\n\t\t\t\n\t\t>\n<div class=\"sow-image-container\">\n\t\t<img \n\tsrc=\"https:\/\/clinicadentalpenedes.com\/wp-content\/uploads\/2019\/01\/LOGO_clinica-penedes_white-300x187.png\" width=\"300\" height=\"187\" srcset=\"https:\/\/clinicadentalpenedes.com\/wp-content\/uploads\/2019\/01\/LOGO_clinica-penedes_white-300x187.png 300w, https:\/\/clinicadentalpenedes.com\/wp-content\/uploads\/2019\/01\/LOGO_clinica-penedes_white-768x479.png 768w, https:\/\/clinicadentalpenedes.com\/wp-content\/uploads\/2019\/01\/LOGO_clinica-penedes_white-1024x639.png 1024w, https:\/\/clinicadentalpenedes.com\/wp-content\/uploads\/2019\/01\/LOGO_clinica-penedes_white-750x468.png 750w\" sizes=\"(max-width: 300px) 100vw, 300px\" alt=\"Contacta amb Cl\u00ednica Dental Pened\u00e8s\" \t\tclass=\"so-widget-image\"\/>\n\t<\/div>\n\n<\/div><\/div><\/div><div id=\"panel-11057-2-1-2\" class=\"so-panel widget widget_orion_empty_space_w\" data-index=\"4\" ><div class=\"orion default panel-widget-style panel-widget-style-for-11057-2-1-2\" ><div\n\t\t\t\n\t\t\tclass=\"so-widget-orion_empty_space_w so-widget-orion_empty_space_w-base\"\n\t\t\t\n\t\t>\t<div class=\"row empty-space visible-lg visible-md visible-sm visible-xs\" style=\"height:10px;\">\r\n\t<\/div><\/div><\/div><\/div><div id=\"panel-11057-2-1-3\" class=\"so-panel widget widget_orion_dividers_w\" data-index=\"5\" ><div class=\"orion default panel-widget-style panel-widget-style-for-11057-2-1-3\" ><div\n\t\t\t\n\t\t\tclass=\"so-widget-orion_dividers_w so-widget-orion_dividers_w-base\"\n\t\t\t\n\t\t>\t<hr style=\"border-top-width:3px; border-top-color:rgba(242,242,242,1); border-style: solid; width: 100%;  margin-top:10px;\"><\/div><\/div><\/div><div id=\"panel-11057-2-1-4\" class=\"so-panel widget widget_sow-editor\" data-index=\"6\" ><div class=\"orion text-light panel-widget-style panel-widget-style-for-11057-2-1-4\" ><div\n\t\t\t\n\t\t\tclass=\"so-widget-sow-editor so-widget-sow-editor-base\"\n\t\t\t\n\t\t>\n<div class=\"siteorigin-widget-tinymce textwidget\">\n\t<h6><strong>Cl\u00ednica Dental Pened\u00e8s<\/strong><\/h6>\n<p>C\/ Cal Bolet, 1 \u2014 2\u00ba 2\u00aa<br \/>\n08720 Vilafranca del Pened\u00e8s<br \/>\n93 890 14 22<\/p>\n<\/div>\n<\/div><\/div><\/div><div id=\"panel-11057-2-1-5\" class=\"so-panel widget widget_orion_dividers_w\" data-index=\"7\" ><div class=\"orion default panel-widget-style panel-widget-style-for-11057-2-1-5\" ><div\n\t\t\t\n\t\t\tclass=\"so-widget-orion_dividers_w so-widget-orion_dividers_w-base\"\n\t\t\t\n\t\t>\t<hr style=\"border-top-width:3px; border-top-color:rgba(242,242,242,1); border-style: solid; width: 100%;  margin-top:10px;\"><\/div><\/div><\/div><div id=\"panel-11057-2-1-6\" class=\"so-panel widget widget_orion_icon_w\" data-index=\"8\" ><div class=\"orion custom default panel-widget-style panel-widget-style-for-11057-2-1-6\" ><div\n\t\t\t\n\t\t\tclass=\"so-widget-orion_icon_w so-widget-orion_icon_w-base\"\n\t\t\t\n\t\t><div class=\"row icon-row\">\r\n\r\n\t\t<div class=\"icon wrapper col-md-12\">\r\n\t\t\r\n\t\t\t\t\t\t\r\n\t\t\t\t\t\r\n\t\t\t\t\t\t<a href=\"https:\/\/es-la.facebook.com\/DrJFerreJorge\/\" class=\"btn btn-icon btn-wire btn btn-white btn-sm btn-round \"  style=margin-right:1px>\r\n\t\t\t\t<span class=\"sow-icon-fontawesome sow-fab\" data-sow-icon=\"&#xf39e;\"\n\t\tstyle=\"\" \n\t\taria-hidden=\"true\"><\/span>\t\t\t<\/a>\r\n\t\t\t\t\t\r\n\t\t\t\t\t\t\r\n\t\t\t\t\t\r\n\t\t\t\t\t\t<a href=\"https:\/\/www.instagram.com\/drferrejorge\/\" class=\"btn btn-icon btn-wire btn btn-white btn-sm btn-round \"  style=margin-right:1px>\r\n\t\t\t\t<span class=\"sow-icon-fontawesome sow-fab\" data-sow-icon=\"&#xf16d;\"\n\t\tstyle=\"\" \n\t\taria-hidden=\"true\"><\/span>\t\t\t<\/a>\r\n\t\t\t\t\t\r\n\t\t\t\t\t\t\r\n\t\t\t\t\t\r\n\t\t\t\t\t\t<a href=\"https:\/\/www.linkedin.com\/in\/drjorgeferre\/\" class=\"btn btn-icon btn-wire btn btn-white btn-sm btn-round \"  style=margin-right:1px>\r\n\t\t\t\t<span class=\"sow-icon-fontawesome sow-fab\" data-sow-icon=\"&#xf0e1;\"\n\t\tstyle=\"\" \n\t\taria-hidden=\"true\"><\/span>\t\t\t<\/a>\r\n\t\t\t\t\t\r\n\t\t\t\t\t\t\r\n\t\t\t\t\t\r\n\t\t\t\t\t\t<a href=\"tel:+34938901422\" class=\"btn btn-icon btn-wire btn btn-white btn-sm btn-round \"  style=margin-right:1px>\r\n\t\t\t\t<span class=\"sow-icon-eleganticons\" data-sow-icon=\"&#xe090;\"\n\t\tstyle=\"\" \n\t\taria-hidden=\"true\"><\/span>\t\t\t<\/a>\r\n\t\t\t\t\t\r\n\t\t\t\t\t\t\r\n\t\t\t\t\t\r\n\t\t\t\t\t\t<a href=\"https:\/\/wa.me\/+34636464613\" class=\"btn btn-icon btn-wire btn btn-white btn-sm btn-round \"  style=margin-right:1px>\r\n\t\t\t\t<span class=\"sow-icon-fontawesome sow-fab\" data-sow-icon=\"&#xf232;\"\n\t\tstyle=\"\" \n\t\taria-hidden=\"true\"><\/span>\t\t\t<\/a>\r\n\t\t\t\t\t\r\n\t\t\t\t\t\t\r\n\t\t\t\t\t\r\n\t\t\t\t\t\t<a href=\"https:\/\/clinicadentalpenedes.com\/contacto\/\" class=\"btn btn-icon btn-wire btn btn-white btn-sm btn-round \"  style=margin-right:1px>\r\n\t\t\t\t<span class=\"sow-icon-fontawesome sow-fas\" data-sow-icon=\"&#xf0e0;\"\n\t\tstyle=\"\" \n\t\taria-hidden=\"true\"><\/span>\t\t\t<\/a>\r\n\t\t\t\t\t\r\n\t\t\t\t\t\t\r\n\t\t\t\t\t\r\n\t\t\t\t\t\t<a href=\"https:\/\/goo.gl\/maps\/WktuXxKvXQzpFhnY7\" class=\"btn btn-icon btn-wire btn btn-white btn-sm btn-round \"  style=margin-right:1px>\r\n\t\t\t\t<span class=\"sow-icon-fontawesome sow-fas\" data-sow-icon=\"&#xf3c5;\"\n\t\tstyle=\"\" \n\t\taria-hidden=\"true\"><\/span>\t\t\t<\/a>\r\n\t\t\t\t\t\t<\/div>\r\n<\/div><\/div><\/div><\/div><div id=\"panel-11057-2-1-7\" class=\"so-panel widget widget_orion_dividers_w\" data-index=\"9\" ><div class=\"orion default panel-widget-style panel-widget-style-for-11057-2-1-7\" ><div\n\t\t\t\n\t\t\tclass=\"so-widget-orion_dividers_w so-widget-orion_dividers_w-base\"\n\t\t\t\n\t\t>\t<hr style=\"border-top-width:3px; border-top-color:rgba(242,242,242,1); border-style: solid; width: 100%;  margin-top:10px;\"><\/div><\/div><\/div><div id=\"panel-11057-2-1-8\" class=\"so-panel widget widget_orion_empty_space_w\" data-index=\"10\" ><div class=\"orion default panel-widget-style panel-widget-style-for-11057-2-1-8\" ><div\n\t\t\t\n\t\t\tclass=\"so-widget-orion_empty_space_w so-widget-orion_empty_space_w-base\"\n\t\t\t\n\t\t>\t<div class=\"row empty-space visible-lg visible-md visible-sm visible-xs\" style=\"height:30px;\">\r\n\t<\/div><\/div><\/div><\/div><div id=\"panel-11057-2-1-9\" class=\"so-panel widget widget_orion_heading_w\" data-index=\"11\" ><div class=\"orion default panel-widget-style panel-widget-style-for-11057-2-1-9\" ><div\n\t\t\t\n\t\t\tclass=\"so-widget-orion_heading_w so-widget-orion_heading_w-base\"\n\t\t\t\n\t\t> \r\n\t\t\t<div class=\"row orion-heading\" style=\"margin-bottom:0px;\">\r\n\t\t<div class=\"col-md-12  separator-style-2 text-center style-h5 style-text-light\">\r\n\t\t\t<h5 class=\"text-light text-uppercase\">\r\n\t\t\t\tVols formar part del nostre equip?\t\t\t<\/h5>\r\n\t\t<\/div>\r\n\t<\/div>\r\n\r\n\t<\/div><\/div><\/div><div id=\"panel-11057-2-1-10\" class=\"so-panel widget widget_sow-editor\" data-index=\"12\" ><div class=\"orion text-light panel-widget-style panel-widget-style-for-11057-2-1-10\" ><div\n\t\t\t\n\t\t\tclass=\"so-widget-sow-editor so-widget-sow-editor-base\"\n\t\t\t\n\t\t>\n<div class=\"siteorigin-widget-tinymce textwidget\">\n\t<h2 style=\"text-align: center;\">Treballa amb nosaltres<\/h2>\n<p style=\"text-align: justify;\">El Dr. Ferre i el seu equip estan oberts a estudiar les candidatures dels professionals que comparteixin <strong>la seva visi\u00f3 de l'odontologia honesta, \u00e8tica i d'alta qualitat<\/strong>.<\/p>\n<p style=\"text-align: justify;\">Si defenses aquests valors i <strong>vols treballar amb nosaltres<\/strong>, no dubtis en contactar amb nosaltres a trav\u00e9s del <strong>nostre formulari en l\u00ednia<\/strong> i <strong>enviar-nos el teu curr\u00edculum<\/strong> (nom\u00e9s l'acceptem en format .pdf).\u00a0Tindrem en compte la teva oferta quan disposem d'una posici\u00f3 adequada per a tu.<\/p>\n<p style=\"text-align: justify;\"><strong>Gr\u00e0cies per interessar-te<\/strong> en la nostra cl\u00ednica!.<\/p>\n<\/div>\n<\/div><\/div><\/div><div id=\"panel-11057-2-1-11\" class=\"so-panel widget widget_orion_cf7_w\" data-index=\"13\" ><div class=\"orion default panel-widget-style panel-widget-style-for-11057-2-1-11\" ><div\n\t\t\t\n\t\t\tclass=\"so-widget-orion_cf7_w so-widget-orion_cf7_w-base\"\n\t\t\t\n\t\t>\n<div class=\"wpcf7 no-js\" id=\"wpcf7-f10941-o1\" lang=\"en-US\" dir=\"ltr\">\n<div class=\"screen-reader-response\"><p role=\"status\" aria-live=\"polite\" aria-atomic=\"true\"><\/p> <ul><\/ul><\/div>\n<form action=\"\/ca\/wp-json\/wp\/v2\/pages\/11057#wpcf7-f10941-o1\" method=\"post\" class=\"wpcf7-form init\" aria-label=\"Contact form\" enctype=\"multipart\/form-data\" novalidate=\"novalidate\" data-status=\"init\">\n<div style=\"display: none;\">\n<input type=\"hidden\" name=\"_wpcf7\" value=\"10941\" \/>\n<input type=\"hidden\" name=\"_wpcf7_version\" value=\"5.9.8\" \/>\n<input type=\"hidden\" name=\"_wpcf7_locale\" value=\"en_US\" \/>\n<input type=\"hidden\" name=\"_wpcf7_unit_tag\" value=\"wpcf7-f10941-o1\" \/>\n<input type=\"hidden\" name=\"_wpcf7_container_post\" value=\"0\" \/>\n<input type=\"hidden\" name=\"_wpcf7_posted_data_hash\" value=\"\" \/>\n<input type=\"hidden\" name=\"_wpcf7_recaptcha_response\" value=\"\" \/>\n<\/div>\n<div class=\"wpcf7-form row\">\n\t<div class=\"col-md-6 name\">\n\t\t<p><span class=\"wpcf7-form-control-wrap\" data-name=\"text-name\"><input size=\"40\" maxlength=\"400\" class=\"wpcf7-form-control wpcf7-text wpcf7-validates-as-required\" aria-required=\"true\" aria-invalid=\"false\" placeholder=\"Nombre\" value=\"\" type=\"text\" name=\"text-name\" \/><\/span>\n\t\t<\/p>\n\t<\/div>\n\t<div class=\"col-md-6 name\">\n\t\t<p><span class=\"wpcf7-form-control-wrap\" data-name=\"text-last-name\"><input size=\"40\" maxlength=\"400\" class=\"wpcf7-form-control wpcf7-text wpcf7-validates-as-required\" aria-required=\"true\" aria-invalid=\"false\" placeholder=\"Apellido\" value=\"\" type=\"text\" name=\"text-last-name\" \/><\/span>\n\t\t<\/p>\n\t<\/div>\n\t<div class=\"col-md-6 phone\">\n\t\t<p><span class=\"wpcf7-form-control-wrap\" data-name=\"text-phone\"><input size=\"40\" maxlength=\"400\" class=\"wpcf7-form-control wpcf7-text wpcf7-validates-as-required\" aria-required=\"true\" aria-invalid=\"false\" placeholder=\"N\u00famero de tel\u00e9fono\" value=\"\" type=\"text\" name=\"text-phone\" \/><\/span>\n\t\t<\/p>\n\t<\/div>\n\t<div class=\"col-md-6 email\">\n\t\t<p><span class=\"wpcf7-form-control-wrap\" data-name=\"email-777\"><input size=\"40\" maxlength=\"400\" class=\"wpcf7-form-control wpcf7-email wpcf7-validates-as-required wpcf7-text wpcf7-validates-as-email\" aria-required=\"true\" aria-invalid=\"false\" placeholder=\"E-mail\" value=\"\" type=\"email\" name=\"email-777\" \/><\/span>\n\t\t<\/p>\n\t<\/div>\n\t<div class=\"col-md-12\">\n\t\t<p><span class=\"wpcf7-form-control-wrap\" data-name=\"textarea-notes\"><textarea cols=\"40\" rows=\"10\" maxlength=\"2000\" class=\"wpcf7-form-control wpcf7-textarea\" aria-invalid=\"false\" placeholder=\"Preguntas\/Comentarios\" name=\"textarea-notes\"><\/textarea><\/span>\n\t\t<\/p>\n\t<\/div>\n\t<div class=\"col-md-12\" style=\"color:white\">\n\t\t<p><span class=\"wpcf7-form-control-wrap\" data-name=\"file-574\"><input size=\"40\" class=\"wpcf7-form-control wpcf7-file\" accept=\".pdf\" aria-invalid=\"false\" type=\"file\" name=\"file-574\" \/><\/span>\n\t\t<\/p>\n\t<\/div>\n\t<div class=\"col-md-3 space\">\n\t\t<p>&nbsp;\n\t\t<\/p>\n\t<\/div>\n\t<div class=\"col-md-6\">\n\t\t<p><input class=\"wpcf7-form-control wpcf7-submit has-spinner btn btn-c1 btn-lg btn-block\" type=\"submit\" value=\"Enviar\" \/>\n\t\t<\/p>\n\t<\/div>\n\t<div class=\"col-md-3 space2\">\n\t\t<p>&nbsp;\n\t\t<\/p>\n\t<\/div>\n\t<div class=\"col-md-6 space\">\n\t\t<p style=\"color:#3c6137\";><span class=\"wpcf7-form-control-wrap\" data-name=\"checkbox-156\"><span class=\"wpcf7-form-control wpcf7-checkbox wpcf7-validates-as-required\"><span class=\"wpcf7-list-item first last\"><input type=\"checkbox\" name=\"checkbox-156[]\" value=\"S\u00ed\" \/><span class=\"wpcf7-list-item-label\">S\u00ed<\/span><\/span><\/span><\/span>\n\t\t<\/p>\n\t<\/div>\n\t<div class=\"col-md-12 space\">\n\t\t<p style=\"color:#ffffff\";>Para poder enviar este formulario debes aceptar, marcando la casilla, nuestra Pol\u00edtica de privacidad.\n\t\t<\/p>\n\t<\/div>\n<\/div><div class=\"wpcf7-response-output\" aria-hidden=\"true\"><\/div>\n<\/form>\n<\/div>\n<\/div><\/div><\/div><div id=\"panel-11057-2-1-12\" class=\"so-panel widget widget_orion_empty_space_w\" data-index=\"14\" ><div class=\"orion default panel-widget-style panel-widget-style-for-11057-2-1-12\" ><div\n\t\t\t\n\t\t\tclass=\"so-widget-orion_empty_space_w so-widget-orion_empty_space_w-base\"\n\t\t\t\n\t\t>\t<div class=\"row empty-space visible-lg visible-md visible-sm visible-xs\" style=\"height:40px;\">\r\n\t<\/div><\/div><\/div><\/div><div id=\"panel-11057-2-1-13\" class=\"so-panel widget widget_orion_empty_space_w panel-last-child\" data-index=\"15\" ><div class=\"orion default panel-widget-style panel-widget-style-for-11057-2-1-13\" ><div\n\t\t\t\n\t\t\tclass=\"so-widget-orion_empty_space_w so-widget-orion_empty_space_w-base\"\n\t\t\t\n\t\t>\t<div class=\"row empty-space visible-lg visible-md\" style=\"height:20px;\">\r\n\t<\/div><\/div><\/div><\/div><\/div><\/div><div id=\"pgc-11057-2-2\"  class=\"panel-grid-cell panel-grid-cell-empty\" ><\/div><\/div><\/div><div id=\"pg-11057-3\"  class=\"panel-grid panel-has-style\" ><div class=\"siteorigin-panels-stretch divider-no-animation tablet-default mobile-1-in-row desktop-default panel-row-style panel-row-style-for-11057-3\" data-stretch-type=\"full\" ><div id=\"pgc-11057-3-0\"  class=\"panel-grid-cell\" ><div id=\"panel-11057-3-0-0\" class=\"so-panel widget widget_orion_empty_space_w panel-first-child panel-last-child\" data-index=\"16\" ><div class=\"orion default panel-widget-style panel-widget-style-for-11057-3-0-0\" ><div\n\t\t\t\n\t\t\tclass=\"so-widget-orion_empty_space_w so-widget-orion_empty_space_w-base\"\n\t\t\t\n\t\t>\t<div class=\"row empty-space visible-lg visible-md visible-sm visible-xs\" style=\"height:24px;\">\r\n\t<\/div><\/div><\/div><\/div><\/div><\/div><\/div><div id=\"pg-11057-4\"  class=\"panel-grid panel-has-style\" ><div class=\"siteorigin-panels-stretch divider-no-animation tablet-default mobile-1-in-row desktop-default panel-row-style panel-row-style-for-11057-4\" data-stretch-type=\"full-stretched\" ><div id=\"pgc-11057-4-0\"  class=\"panel-grid-cell\" ><div id=\"panel-11057-4-0-0\" class=\"so-panel widget widget_sow-editor panel-first-child\" data-index=\"17\" ><div class=\"orion default panel-widget-style panel-widget-style-for-11057-4-0-0\" ><div\n\t\t\t\n\t\t\tclass=\"so-widget-sow-editor so-widget-sow-editor-base\"\n\t\t\t\n\t\t>\n<div class=\"siteorigin-widget-tinymce textwidget\">\n\t<p><iframe loading=\"lazy\" src=\"https:\/\/www.google.com\/maps\/embed?pb=!1m14!1m8!1m3!1d11981.1337578809!2d1.6950355!3d41.3461926!3m2!1i1024!2i768!4f13.1!3m3!1m2!1s0x0%3A0xe2c0b4d865bdfe3b!2sCl%C3%ADnica+Dental+Pened%C3%A8s!5e0!3m2!1ses!2ses!4v1556191920265!5m2!1ses!2ses\" width=\"100%\" height=\"600\" frameborder=\"0\" style=\"border:0\" allowfullscreen><\/iframe><\/p>\n<\/div>\n<\/div><\/div><\/div><div id=\"panel-11057-4-0-1\" class=\"so-panel widget widget_orion_empty_space_w panel-last-child\" data-index=\"18\" ><div class=\"orion custom default panel-widget-style panel-widget-style-for-11057-4-0-1\" ><div\n\t\t\t\n\t\t\tclass=\"so-widget-orion_empty_space_w so-widget-orion_empty_space_w-base\"\n\t\t\t\n\t\t>\t<div class=\"row empty-space visible-lg visible-md visible-sm visible-xs\" style=\"height:115px;\">\r\n\t<\/div><\/div><\/div><\/div><\/div><\/div><\/div><\/div>","protected":false},"excerpt":{"rendered":"<p>Treballa amb nosaltres Cl\u00ednica Dental Pened\u00e8s C\/ Cal Bolet, 1 \u2014 2\u00ba 2\u00aa 08720 Vilafranca del Pened\u00e8s 93 890 14 22 Vols formar part del nostre equip? Treballa amb nosaltres El Dr. Ferre i el seu equip estan oberts a estudiar les candidatures dels professionals que comparteixin la seva visi\u00f3 de l&#8217;odontologia honesta, \u00e8tica i<\/p>\n","protected":false},"author":3,"featured_media":0,"parent":0,"menu_order":0,"comment_status":"closed","ping_status":"closed","template":"","meta":{"_monsterinsights_skip_tracking":false,"_monsterinsights_sitenote_active":false,"_monsterinsights_sitenote_note":"","_monsterinsights_sitenote_category":0,"footnotes":""},"yoast_head":"<!-- This site is optimized with the Yoast SEO plugin v24.2 - https:\/\/yoast.com\/wordpress\/plugins\/seo\/ -->\n<title>Cl\u00ednica Dental Pened\u00e8s \u2013 Treballa amb nosaltres ara, a Vilafranca del Pened\u00e8s.<\/title>\n<meta name=\"description\" content=\"Treballa amb nosaltres!. Si comparteixes la nostra visi\u00f3 d&#039;odontologia honesta, \u00e8tica i d&#039;alta qualitat. Envia&#039;ns el C.V., estarem encantats de valorar-lo.\" \/>\n<meta name=\"robots\" content=\"index, follow, max-snippet:-1, max-image-preview:large, max-video-preview:-1\" \/>\n<link rel=\"canonical\" href=\"https:\/\/clinicadentalpenedes.com\/ca\/trabaja-con-nosotros\/\" \/>\n<meta property=\"og:locale\" content=\"ca_ES\" \/>\n<meta property=\"og:type\" content=\"article\" \/>\n<meta property=\"og:title\" content=\"Cl\u00ednica Dental Pened\u00e8s \u2013 Treballa amb nosaltres ara, a Vilafranca del Pened\u00e8s.\" \/>\n<meta property=\"og:description\" content=\"Treballa amb nosaltres!. Si comparteixes la nostra visi\u00f3 d&#039;odontologia honesta, \u00e8tica i d&#039;alta qualitat. Envia&#039;ns el C.V., estarem encantats de valorar-lo.\" \/>\n<meta property=\"og:url\" content=\"https:\/\/clinicadentalpenedes.com\/ca\/trabaja-con-nosotros\/\" \/>\n<meta property=\"og:site_name\" content=\"Cl\u00ednica Dental Pened\u00e8s\" \/>\n<meta property=\"article:modified_time\" content=\"2023-07-24T12:46:15+00:00\" \/>\n<meta name=\"twitter:card\" content=\"summary_large_image\" \/>\n<meta name=\"twitter:label1\" content=\"Temps estimat de lectura\" \/>\n\t<meta name=\"twitter:data1\" content=\"1 minut\" \/>\n<script type=\"application\/ld+json\" class=\"yoast-schema-graph\">{\"@context\":\"https:\/\/schema.org\",\"@graph\":[{\"@type\":\"WebPage\",\"@id\":\"https:\/\/clinicadentalpenedes.com\/ca\/trabaja-con-nosotros\/\",\"url\":\"https:\/\/clinicadentalpenedes.com\/ca\/trabaja-con-nosotros\/\",\"name\":\"Cl\u00ednica Dental Pened\u00e8s \u2013 Treballa amb nosaltres ara, a Vilafranca del Pened\u00e8s.\",\"isPartOf\":{\"@id\":\"https:\/\/clinicadentalpenedes.com\/#website\"},\"datePublished\":\"2019-03-27T20:45:44+00:00\",\"dateModified\":\"2023-07-24T12:46:15+00:00\",\"description\":\"Treballa amb nosaltres!. Si comparteixes la nostra visi\u00f3 d'odontologia honesta, \u00e8tica i d'alta qualitat. Envia'ns el C.V., estarem encantats de valorar-lo.\",\"breadcrumb\":{\"@id\":\"https:\/\/clinicadentalpenedes.com\/ca\/trabaja-con-nosotros\/#breadcrumb\"},\"inLanguage\":\"ca\",\"potentialAction\":[{\"@type\":\"ReadAction\",\"target\":[\"https:\/\/clinicadentalpenedes.com\/ca\/trabaja-con-nosotros\/\"]}]},{\"@type\":\"BreadcrumbList\",\"@id\":\"https:\/\/clinicadentalpenedes.com\/ca\/trabaja-con-nosotros\/#breadcrumb\",\"itemListElement\":[{\"@type\":\"ListItem\",\"position\":1,\"name\":\"Portada\",\"item\":\"https:\/\/clinicadentalpenedes.com\/ca\/\"},{\"@type\":\"ListItem\",\"position\":2,\"name\":\"Treballa amb nosaltres\"}]},{\"@type\":\"WebSite\",\"@id\":\"https:\/\/clinicadentalpenedes.com\/#website\",\"url\":\"https:\/\/clinicadentalpenedes.com\/\",\"name\":\"Cl\u00ednica Dental Pened\u00e8s\",\"description\":\"Cl\u00ednica Dental en Vilafranca del Pened\u00e8s\",\"potentialAction\":[{\"@type\":\"SearchAction\",\"target\":{\"@type\":\"EntryPoint\",\"urlTemplate\":\"https:\/\/clinicadentalpenedes.com\/?s={search_term_string}\"},\"query-input\":{\"@type\":\"PropertyValueSpecification\",\"valueRequired\":true,\"valueName\":\"search_term_string\"}}],\"inLanguage\":\"ca\"}]}<\/script>\n<!-- \/ Yoast SEO plugin. -->","yoast_head_json":{"title":"Cl\u00ednica Dental Pened\u00e8s \u2013 Treballa amb nosaltres ara, a Vilafranca del Pened\u00e8s.","description":"Treballa amb nosaltres!. Si comparteixes la nostra visi\u00f3 d'odontologia honesta, \u00e8tica i d'alta qualitat. Envia'ns el C.V., estarem encantats de valorar-lo.","robots":{"index":"index","follow":"follow","max-snippet":"max-snippet:-1","max-image-preview":"max-image-preview:large","max-video-preview":"max-video-preview:-1"},"canonical":"https:\/\/clinicadentalpenedes.com\/ca\/trabaja-con-nosotros\/","og_locale":"ca_ES","og_type":"article","og_title":"Cl\u00ednica Dental Pened\u00e8s \u2013 Treballa amb nosaltres ara, a Vilafranca del Pened\u00e8s.","og_description":"Treballa amb nosaltres!. Si comparteixes la nostra visi\u00f3 d'odontologia honesta, \u00e8tica i d'alta qualitat. Envia'ns el C.V., estarem encantats de valorar-lo.","og_url":"https:\/\/clinicadentalpenedes.com\/ca\/trabaja-con-nosotros\/","og_site_name":"Cl\u00ednica Dental Pened\u00e8s","article_modified_time":"2023-07-24T12:46:15+00:00","twitter_card":"summary_large_image","twitter_misc":{"Temps estimat de lectura":"1 minut"},"schema":{"@context":"https:\/\/schema.org","@graph":[{"@type":"WebPage","@id":"https:\/\/clinicadentalpenedes.com\/ca\/trabaja-con-nosotros\/","url":"https:\/\/clinicadentalpenedes.com\/ca\/trabaja-con-nosotros\/","name":"Cl\u00ednica Dental Pened\u00e8s \u2013 Treballa amb nosaltres ara, a Vilafranca del Pened\u00e8s.","isPartOf":{"@id":"https:\/\/clinicadentalpenedes.com\/#website"},"datePublished":"2019-03-27T20:45:44+00:00","dateModified":"2023-07-24T12:46:15+00:00","description":"Treballa amb nosaltres!. Si comparteixes la nostra visi\u00f3 d'odontologia honesta, \u00e8tica i d'alta qualitat. Envia'ns el C.V., estarem encantats de valorar-lo.","breadcrumb":{"@id":"https:\/\/clinicadentalpenedes.com\/ca\/trabaja-con-nosotros\/#breadcrumb"},"inLanguage":"ca","potentialAction":[{"@type":"ReadAction","target":["https:\/\/clinicadentalpenedes.com\/ca\/trabaja-con-nosotros\/"]}]},{"@type":"BreadcrumbList","@id":"https:\/\/clinicadentalpenedes.com\/ca\/trabaja-con-nosotros\/#breadcrumb","itemListElement":[{"@type":"ListItem","position":1,"name":"Portada","item":"https:\/\/clinicadentalpenedes.com\/ca\/"},{"@type":"ListItem","position":2,"name":"Treballa amb nosaltres"}]},{"@type":"WebSite","@id":"https:\/\/clinicadentalpenedes.com\/#website","url":"https:\/\/clinicadentalpenedes.com\/","name":"Cl\u00ednica Dental Pened\u00e8s","description":"Cl\u00ednica Dental en Vilafranca del Pened\u00e8s","potentialAction":[{"@type":"SearchAction","target":{"@type":"EntryPoint","urlTemplate":"https:\/\/clinicadentalpenedes.com\/?s={search_term_string}"},"query-input":{"@type":"PropertyValueSpecification","valueRequired":true,"valueName":"search_term_string"}}],"inLanguage":"ca"}]}},"_links":{"self":[{"href":"https:\/\/clinicadentalpenedes.com\/ca\/wp-json\/wp\/v2\/pages\/11057"}],"collection":[{"href":"https:\/\/clinicadentalpenedes.com\/ca\/wp-json\/wp\/v2\/pages"}],"about":[{"href":"https:\/\/clinicadentalpenedes.com\/ca\/wp-json\/wp\/v2\/types\/page"}],"author":[{"embeddable":true,"href":"https:\/\/clinicadentalpenedes.com\/ca\/wp-json\/wp\/v2\/users\/3"}],"replies":[{"embeddable":true,"href":"https:\/\/clinicadentalpenedes.com\/ca\/wp-json\/wp\/v2\/comments?post=11057"}],"version-history":[{"count":2,"href":"https:\/\/clinicadentalpenedes.com\/ca\/wp-json\/wp\/v2\/pages\/11057\/revisions"}],"predecessor-version":[{"id":14412,"href":"https:\/\/clinicadentalpenedes.com\/ca\/wp-json\/wp\/v2\/pages\/11057\/revisions\/14412"}],"wp:attachment":[{"href":"https:\/\/clinicadentalpenedes.com\/ca\/wp-json\/wp\/v2\/media?parent=11057"}],"curies":[{"name":"wp","href":"https:\/\/api.w.org\/{rel}","templated":true}]}}